{"id":20467,"date":"2025-09-15T15:05:19","date_gmt":"2025-09-15T13:05:19","guid":{"rendered":"https:\/\/talkandjob.com\/?page_id=20467"},"modified":"2025-12-18T10:41:18","modified_gmt":"2025-12-18T09:41:18","slug":"blog","status":"publish","type":"page","link":"https:\/\/talkandjob.com\/de\/blog\/","title":{"rendered":"Blog"},"content":{"rendered":"<div class=\"et_pb_section_0 et_pb_section et_section_regular et_block_section\">\n<div class=\"et_pb_row_0 et_pb_row et_flex_row\">\n<div class=\"et_pb_column_0 et_pb_column et_block_column et_pb_css_mix_blend_mode_passthrough et_flex_column_24_24 et_flex_column_24_24_tablet et_flex_column_24_24_phone\">\n<div class=\"et_pb_heading_0 et_pb_heading et_pb_module et_flex_module preset--module--divi-heading--5f4efe49-3aaa-454a-ba00-c095d78241d6\"><div class=\"et_pb_heading_container\"><h4 class=\"et_pb_module_header\">The Talk\u2019n\u2019Job Blog <\/h4><\/div><\/div>\n\n<div class=\"et_pb_heading_1 et_pb_heading et_pb_module et_block_module preset--module--divi-heading--10ec0fec-e4e4-413a-b130-0f09f098117b\"><div class=\"et_pb_heading_container\"><h4 class=\"et_pb_module_header\">Tipps & Insights f\u00fcr modernes Recruiting<\/h4><\/div><\/div>\n<\/div>\n\n<div class=\"et_pb_column_1 et_pb_column et-last-child et_flex_column et_pb_css_mix_blend_mode_passthrough et_flex_column_24_24 et_flex_column_24_24_tablet et_flex_column_24_24_phone\">\n<div class=\"et_pb_post_slider_0 et_pb_post_slider et_pb_bg_layout_dark et_pb_slider et_pb_slider_fullwidth_off et_pb_slider_no_arrows et_pb_slider_no_pagination et_pb_post_slider_image_top et_pb_module et_flex_module preset--group--divi-post-slider--divi-font--default preset--group--divi-post-slider--divi-font-body--default\"><div class=\"et_pb_slides\"><div class=\"et_pb_slide et_pb_post_slide-22114\" style=\"background-image:\"><div class=\"et_pb_container clearfix\"><div class=\"et_pb_slider_container_inner\"><div class=\"et_pb_slide_image\"><img loading=\"lazy\" decoding=\"async\" src=\"https:\/\/talkandjob.com\/wp-content\/uploads\/2025\/12\/Rec-Trends_Blog-Post_Bild-3.png\" alt=\"\" width=\"900\" height=\"600\" \/><\/div><div class=\"et_pb_slide_description\"><h2 class=\"et_pb_slide_title\"><a href=\"https:\/\/talkandjob.com\/de\/recruiting-trends-2026-die-wichtigsten-entwicklungen\/\">Recruiting-Trends 2026: 6 Entwicklungen, die du als HR jetzt kennen solltest<\/a><\/h2><div class=\"et_pb_slide_content\"><div class=\"et_pb_slide_content_body\"><p>Von KI \u00fcber Skills-Based Hiring bis hin zu echtem Employer Branding. Das Recruiting ver\u00e4ndert sich gerade rasant. Wir zeigen dir, was 2026 wirklich z\u00e4hlt.<\/p>\n<\/div><\/div><\/div><\/div><\/div><\/div><\/div><\/div>\n<\/div>\n<\/div>\n<\/div>\n\n<div class=\"et_pb_section_1 et_pb_section et_section_regular et_grid_section\">\n<div class=\"et_pb_row_1 et_pb_row et_flex_row\">\n<div class=\"et_pb_column_2 et_pb_column et_flex_column et_pb_css_mix_blend_mode_passthrough et_flex_column_24_24 et_flex_column_24_24_tablet et_flex_column_24_24_phone\">\n<div class=\"et_pb_heading_2 et_pb_heading et_pb_module et_flex_module preset--module--divi-heading--ed042926-7e3a-4ff8-a732-00c23c9af924\"><div class=\"et_pb_heading_container\"><h4 class=\"et_pb_module_header\">Alle Beitr\u00e4ge<\/h4><\/div><\/div>\n<\/div>\n\n<div class=\"et_pb_column_3 et_pb_column et-last-child et_flex_column et_pb_css_mix_blend_mode_passthrough et_flex_column_24_24 et_flex_column_24_24_tablet et_flex_column_24_24_phone\">\n<div class=\"et_pb_blog_0 et_pb_blog et_pb_bg_layout_light et_pb_posts et_pb_module preset--group--divi-blog--divi-font--default preset--group--divi-blog--divi-font-body--default preset--module--divi-blog--default\"><div class=\"et_pb_ajax_pagination_container\"><div class=\"et_pb_posts et_grid_module\"><article class=\"et_pb_post et_pb_post_id_22114 clearfix et_pb_blog_item_0_0 post-22114 post type-post status-publish format-standard has-post-thumbnail hentry category-blog\"><div class=\"et_pb_image_container\"><a href=\"https:\/\/talkandjob.com\/de\/recruiting-trends-2026-die-wichtigsten-entwicklungen\/\" class=\"entry-featured-image-url\"><img loading=\"lazy\" decoding=\"async\" src=\"https:\/\/talkandjob.com\/wp-content\/uploads\/2025\/12\/Rec-Trends_Blog-Post_Bild-3.png\" width=\"400\" height=\"284\" alt=\"Recruiting-Trends 2026: 6 Entwicklungen, die du als HR jetzt kennen solltest\" class=\"\" srcset=\"https:\/\/talkandjob.com\/wp-content\/uploads\/2025\/12\/Rec-Trends_Blog-Post_Bild-3.png 479w, https:\/\/talkandjob.com\/wp-content\/uploads\/2025\/12\/Rec-Trends_Blog-Post_Bild-3-400x284.png 480w\" sizes=\"(max-width:479px) 479px, 100vw\" \/><span data-icon=\"$\" class=\"et_overlay et_pb_inline_icon\"><\/span><\/a><\/div><h4 class=\"entry-title\"><a href=\"https:\/\/talkandjob.com\/de\/recruiting-trends-2026-die-wichtigsten-entwicklungen\/\">Recruiting-Trends 2026: 6 Entwicklungen, die du als HR jetzt kennen solltest<\/a><\/h4><p class=\"post-meta\"><span class=\"published\">Dez. 1, 2025<\/span><\/p><div class=\"post-content\"><div class=\"post-content-inner\"><p>Von KI \u00fcber Skills-Based Hiring bis hin zu echtem Employer Branding. Das Recruiting ver\u00e4ndert sich gerade rasant. Wir zeigen dir, was 2026 wirklich z\u00e4hlt.<\/p>\n<\/div><a href=\"https:\/\/talkandjob.com\/de\/recruiting-trends-2026-die-wichtigsten-entwicklungen\/\" class=\"more-link\">mehr lesen...<\/a><\/div><\/article><article class=\"et_pb_post et_pb_post_id_21228 clearfix et_pb_blog_item_0_1 post-21228 post type-post status-publish format-standard has-post-thumbnail hentry category-blog\"><div class=\"et_pb_image_container\"><a href=\"https:\/\/talkandjob.com\/de\/aushilfen-weihnachtsgeschaeft-schneller-finden\/\" class=\"entry-featured-image-url\"><img loading=\"lazy\" decoding=\"async\" src=\"https:\/\/talkandjob.com\/wp-content\/uploads\/2025\/09\/Blog-Post_Bild.png\" width=\"400\" height=\"284\" alt=\"Wie Unternehmen Aushilfen f\u00fcrs Weihnachtsgesch\u00e4ft schneller finden\" class=\"\" srcset=\"https:\/\/talkandjob.com\/wp-content\/uploads\/2025\/09\/Blog-Post_Bild.png 479w, https:\/\/talkandjob.com\/wp-content\/uploads\/2025\/09\/Blog-Post_Bild-400x284.png 480w\" sizes=\"(max-width:479px) 479px, 100vw\" \/><span data-icon=\"$\" class=\"et_overlay et_pb_inline_icon\"><\/span><\/a><\/div><h4 class=\"entry-title\"><a href=\"https:\/\/talkandjob.com\/de\/aushilfen-weihnachtsgeschaeft-schneller-finden\/\">Wie Unternehmen Aushilfen f\u00fcrs Weihnachtsgesch\u00e4ft schneller finden<\/a><\/h4><p class=\"post-meta\"><span class=\"published\">Okt. 2, 2025<\/span><\/p><div class=\"post-content\"><div class=\"post-content-inner\"><p>Im Weihnachtsgesch\u00e4ft z\u00e4hlt Tempo: Mit einfachen Prozessen und Sprachbewerbung sicherst du dir Aushilfen ohne Umwege.<\/p>\n<\/div><a href=\"https:\/\/talkandjob.com\/de\/aushilfen-weihnachtsgeschaeft-schneller-finden\/\" class=\"more-link\">mehr lesen...<\/a><\/div><\/article><article class=\"et_pb_post et_pb_post_id_17253 clearfix et_pb_blog_item_0_2 post-17253 post type-post status-publish format-standard has-post-thumbnail hentry category-blog\"><div class=\"et_pb_image_container\"><a href=\"https:\/\/talkandjob.com\/de\/hr-brunch-bielefeld\/\" class=\"entry-featured-image-url\"><img loading=\"lazy\" decoding=\"async\" src=\"https:\/\/talkandjob.com\/wp-content\/uploads\/2024\/04\/hr-brunch.jpeg\" width=\"400\" height=\"284\" alt=\"HR-Brunch Bielefeld\" class=\"\" srcset=\"https:\/\/talkandjob.com\/wp-content\/uploads\/2024\/04\/hr-brunch.jpeg 479w, https:\/\/talkandjob.com\/wp-content\/uploads\/2024\/04\/hr-brunch-400x284.jpeg 480w\" sizes=\"(max-width:479px) 479px, 100vw\" \/><span data-icon=\"$\" class=\"et_overlay et_pb_inline_icon\"><\/span><\/a><\/div><h4 class=\"entry-title\"><a href=\"https:\/\/talkandjob.com\/de\/hr-brunch-bielefeld\/\">HR-Brunch Bielefeld<\/a><\/h4><p class=\"post-meta\"><span class=\"published\">M\u00e4rz 1, 2024<\/span><\/p><div class=\"post-content\"><div class=\"post-content-inner\"><p>Entdecken Sie beim persomatch HR-Brunch die Zukunft der Personalwelt. Genie\u00dfen Sie inspirierende Vortr\u00e4ge und Networking mit HR-Experten!<\/p>\n<\/div><a href=\"https:\/\/talkandjob.com\/de\/hr-brunch-bielefeld\/\" class=\"more-link\">mehr lesen...<\/a><\/div><\/article><\/div><\/div><\/div>\n<\/div>\n<\/div>\n<\/div>\n\n<div class=\"et_pb_section_2 et_pb_section et_section_regular et_block_section\">\n<div class=\"et_pb_row_2 et_pb_row et_block_row\">\n<div class=\"et_pb_column_4 et_pb_column et_pb_column_4_4 et-last-child et_block_column et_pb_css_mix_blend_mode_passthrough\">\n<div class=\"et_pb_text_0 et_pb_text et_pb_bg_layout_light et_pb_module et_block_module preset--module--divi-text--6aa0bf39-a959-41a3-bcbb-7f8b71222003\"><div class=\"et_pb_text_inner\"><h2>Beende deinen Bewerbermangel<\/h2>\n<\/div><\/div>\n\n<div class=\"et_pb_text_1 et_pb_text et_pb_bg_layout_light et_pb_module et_block_module preset--module--divi-text--e6dc869a-0fbc-4380-88fc-e4849318e3fb\"><div class=\"et_pb_text_inner\"><h5>Vereinbare einen Termin mit uns und wir zeigen dir in einem pers\u00f6nlichen Gespr\u00e4ch, wie du mit unserem Sprachchat deinen Bewerbungsprozess optimierst<\/h5>\n<\/div><\/div>\n\n<div class=\"et_pb_module et_pb_button_module_wrapper et_pb_button_0_wrapper preset--group--divi-button--divi-font--default_wrapper preset--module--divi-button--default_wrapper\"><a class=\"et_pb_button_0 et_pb_button et_pb_bg_layout_light et_pb_module et_block_module preset--group--divi-button--divi-font--default preset--module--divi-button--default\" href=\"https:\/\/talkjobs.de\/TnJDemobuchenButton\" target=\"_blank\">Demo buchen<\/a><\/div>\n<\/div>\n<\/div>\n\n<div class=\"et_pb_row_3 et_pb_row et_block_row\">\n<div class=\"et_pb_column_5 et_pb_column et_pb_column_4_4 et-last-child et_block_column et_pb_css_mix_blend_mode_passthrough\">\n<div class=\"et_pb_image_0 et_pb_image et_pb_image_sticky et_pb_module et_block_module\"><span class=\"et_pb_image_wrap\"><img loading=\"lazy\" decoding=\"async\" src=\"https:\/\/talkandjob.com\/wp-content\/uploads\/2023\/10\/CTA-Grafik.png\" width=\"1920\" height=\"478\" srcset=\"https:\/\/talkandjob.com\/wp-content\/uploads\/2023\/10\/CTA-Grafik.png 1920w, https:\/\/talkandjob.com\/wp-content\/uploads\/2023\/10\/CTA-Grafik-1280x319.png 1280w, https:\/\/talkandjob.com\/wp-content\/uploads\/2023\/10\/CTA-Grafik-980x244.png 980w, https:\/\/talkandjob.com\/wp-content\/uploads\/2023\/10\/CTA-Grafik-480x120.png 480w\" sizes=\"(min-width: 0px) and (max-width: 480px) 480px, (min-width: 481px) and (max-width: 980px) 980px, (min-width: 981px) and (max-width: 1280px) 1280px, (min-width: 1281px) 1920px, 100vw\" class=\"wp-image-15721\" title=\"CTA-Grafik\" \/><\/span><\/div>\n<\/div>\n<\/div>\n<\/div>","protected":false},"excerpt":{"rendered":"","protected":false},"author":2,"featured_media":0,"parent":0,"menu_order":0,"comment_status":"closed","ping_status":"closed","template":"","meta":{"content-type":"","footnotes":""},"class_list":["post-20467","page","type-page","status-publish","hentry"],"_links":{"self":[{"href":"https:\/\/talkandjob.com\/de\/wp-json\/wp\/v2\/pages\/20467","targetHints":{"allow":["GET"]}}],"collection":[{"href":"https:\/\/talkandjob.com\/de\/wp-json\/wp\/v2\/pages"}],"about":[{"href":"https:\/\/talkandjob.com\/de\/wp-json\/wp\/v2\/types\/page"}],"author":[{"embeddable":true,"href":"https:\/\/talkandjob.com\/de\/wp-json\/wp\/v2\/users\/2"}],"replies":[{"embeddable":true,"href":"https:\/\/talkandjob.com\/de\/wp-json\/wp\/v2\/comments?post=20467"}],"version-history":[{"count":9,"href":"https:\/\/talkandjob.com\/de\/wp-json\/wp\/v2\/pages\/20467\/revisions"}],"predecessor-version":[{"id":22562,"href":"https:\/\/talkandjob.com\/de\/wp-json\/wp\/v2\/pages\/20467\/revisions\/22562"}],"wp:attachment":[{"href":"https:\/\/talkandjob.com\/de\/wp-json\/wp\/v2\/media?parent=20467"}],"curies":[{"name":"wp","href":"https:\/\/api.w.org\/{rel}","templated":true}]}}