{"id":19850,"date":"2025-02-05T14:57:48","date_gmt":"2025-02-05T13:57:48","guid":{"rendered":"https:\/\/talkandjob.com\/?page_id=19850"},"modified":"2025-10-22T12:10:43","modified_gmt":"2025-10-22T10:10:43","slug":"datenschutzhinweise-max-rischarts-backhaus-kg","status":"publish","type":"page","link":"https:\/\/talkandjob.com\/de\/datenschutzhinweise-max-rischarts-backhaus-kg\/","title":{"rendered":"Datenschutzhinweise Max Rischart\u2019s Backhaus KG"},"content":{"rendered":"<div class=\"et_d4_element et_pb_section et_pb_section_0  et_pb_css_mix_blend_mode et_section_regular et_block_section\" >\n\t\t\t\t\n\t\t\t\t\n\t\t\t\t\n\t\t\t\t\n\t\t\t\t\n\t\t\t\t\n\t\t\t\t<div class=\"et_d4_element et_pb_row et_pb_row_0  et_pb_css_mix_blend_mode et_block_row\">\n\t\t\t\t<div class=\"et_d4_element et_pb_column_4_4 et_pb_column et_pb_column_0  et_pb_css_mix_blend_mode et-last-child et_block_column\">\n\t\t\t\t\n\t\t\t\t\n\t\t\t\t\n\t\t\t\t\n\t\t\t\t<div class=\"et_pb_module et_d4_element et_pb_text et_pb_text_0  et_pb_text_align_left et_pb_bg_layout_light\">\n\t\t\t\t\n\t\t\t\t\n\t\t\t\t\n\t\t\t\t\n\t\t\t\t<div class=\"et_pb_text_inner\"><h2>Datenschutzhinweise Max Rischart's Backhaus KG - Talk'n'Job<\/h2>\n<p>Diese Informationen geben Ihnen einen \u00dcberblick \u00fcber die Verarbeitung Ihrer personenbezogenen Daten, wenn Sie sich bei uns per Online-Chat bewerben. Wir informieren Sie dar\u00fcber, welche Daten wir von Ihnen erheben und wie wir sie verwenden. Alle Details zur weiteren Verarbeitung Ihrer Bewerberdaten im Rahmen des Bewerbungsverfahrens entnehmen Sie bitte den Datenschutz-Hinweisen unter <a href=\"https:\/\/www.rischart.de\/datenschutzerklaerung\/datenschutzerklaerung-bewerber\/\">https:\/\/www.rischart.de\/datenschutzerklaerung\/datenschutzerklaerung-bewerber\/<\/a><\/p>\n<p><strong>1. Wer ist f\u00fcr die Datenverarbeitung verantwortlich?<\/strong><\/p>\n<p>Verantwortlich f\u00fcr die Verarbeitung Ihrer personenbezogenen Daten bei der Bewerbung ist die<br \/>Max Rischart's Backhaus KG<br \/>Marienplatz 18<br \/>80331 M\u00fcnchen<br \/>Telefon: 089\/2317005000<br \/>E-Mail: info@rischart.de<\/p>\n<p><strong>2. An wen k\u00f6nnen Sie sich bei Fragen zur Datenverarbeitung wenden?<\/strong><\/p>\n<p>Bei Fragen zur Verarbeitung Ihrer Daten k\u00f6nnen Sie sich jederzeit an den Datenschutzbeauftragten wenden. Unseren Datenschutzbeauftragen erreichen sie unter vorstehender Anschrift mit dem Zusatz zu Hd. Datenschutzbeauftragter pers\u00f6nlich oder per E-Mail: datenschutz@rischart.de.<\/p>\n<p><strong>3. Externes Hosting<\/strong><\/p>\n<p>Die Website bzw. die App wird bei einem externen Dienstleister gehostet (Hoster). Die personenbezogenen Daten, die dort erfasst werden, werden auf den Servern des Hosters gespeichert. Hierbei kann es sich v. a. um IP-Adressen, Kontaktanfragen, Meta- und Kommunikationsdaten, Vertragsdaten, Kontaktdaten, Namen, Websitezugriffe und sonstige Daten, die \u00fcber eine Website\/App generiert werden, handeln.<\/p>\n<p>Der Einsatz des Hosters erfolgt zum Zwecke der Anbahnung eines Besch\u00e4ftigungsverh\u00e4ltnisses mit potenziellen Bewerbern (Art. 6 Abs. 1 lit. b DSGVO) und im Interesse einer sicheren, schnellen und effizienten M\u00f6glichkeit sich per Sprachnachricht bei uns zu bewerben durch einen professionellen Anbieter (Art. 6 Abs. 1 lit. f DSGVO). Sofern eine entsprechende Einwilligung abgefragt wurde, erfolgt die Verarbeitung ausschlie\u00dflich auf Grundlage von Art. 6 Abs. 1 lit. a DSGVO und \u00a7 25 Abs. 1 TDDDG, soweit die Einwilligung die Speicherung von Cookies oder den Zugriff auf Informationen im Endger\u00e4t des Nutzers (z. B. Device-Fingerprinting) im Sinne des TDDDG umfasst. Die Einwilligung ist jederzeit widerrufbar.<\/p>\n<p>Unser Hoster wird Ihre Daten nur insoweit verarbeiten, wie dies zur Erf\u00fcllung seiner Leistungspflichten erforderlich ist und unsere Weisungen in Bezug auf diese Daten befolgen.<\/p>\n<p>Wir setzen folgenden Hoster ein:<br \/>ApplyZ GmbH<br \/>Bergheimer Stra\u00dfe 147<br \/>69115 Heidelberg<\/p>\n<p>Die Verarbeitung erfolgt im ISO27001 zertifizierten Rechenzentrum bei der T-Systems International GmbH, Hahnstr. 43 d, 60528 Frankfurt.<\/p>\n<p>Nach \u00dcbernahme ihrer Sprachbewerbung in unsere Bewerbermanagement -Software bei der Haufe Service Center GmbH, Munzinger Stra\u00dfe 9, 79111 Freiburg werden die Daten beim Hoster gel\u00f6scht.<\/p>\n<p>Spracheingaben, bei denen wir eine echte Bewerbungsabsicht bezweifeln, werden unverz\u00fcglich nach Kenntnisnahme gel\u00f6scht.<\/p>\n<p>Auftragsverarbeitung<br \/>Wir haben einen Vertrag \u00fcber Auftragsverarbeitung (AVV) mit dem oben genannten Anbieter (Apply Z) geschlossen. Hierbei handelt es sich um einen datenschutzrechtlich vorgeschriebenen Vertrag, der gew\u00e4hrleistet, dass dieser die personenbezogenen Daten unserer Websitebesucher nur nach unseren Weisungen und unter Einhaltung der DSGVO verarbeitet.<\/p>\n<p><strong>4. SSL- bzw. TLS-Verschl\u00fcsselung<\/strong><\/p>\n<p>Aus Sicherheitsgr\u00fcnden und zum Schutz der \u00dcbertragung vertraulicher Inhalte, wie zum Beispiel Bestellungen oder Anfragen, die Sie an uns als Seitenbetreiber senden, nutzen wir eine SSL- bzw. TLS-Verschl\u00fcsselung. Eine verschl\u00fcsselte Verbindung erkennen Sie daran, dass die Adresszeile des Browsers von \u201ehttp:\/\/\u201c auf \u201ehttps:\/\/\u201c wechselt und an dem Schloss-Symbol in Ihrer Browserzeile.<br \/>Wenn die SSL- bzw. TLS-Verschl\u00fcsselung aktiviert ist, k\u00f6nnen die Daten, die Sie an uns \u00fcbermitteln, nicht von Dritten mitgelesen werden.<\/p>\n<p><strong>5. Welche Daten verarbeiten wir von Ihnen?<\/strong><\/p>\n<p>Wir verarbeiten die personenbezogenen Daten, die Sie uns beim Online-Chat nennen:<\/p>\n<ul>\n<li>Berufserfahrung (aktuelle und vorherige Position, ggf. aktueller und vorherige Arbeitgeber, Dauer der jeweiligen Besch\u00e4ftigung, Perioden ohne Besch\u00e4ftigung)<\/li>\n<li>F\u00e4higkeiten<\/li>\n<li>Weiterbildungen<\/li>\n<li>Sprachen<\/li>\n<li>Kontaktdaten (Vorname, Nachname)<\/li>\n<li>E-Mail-Adresse<\/li>\n<li>Telefonnummer<\/li>\n<li>Anschrift<\/li>\n<li>Foto\/Selfie<\/li>\n<\/ul>\n<p><strong>6. F\u00fcr welche Zwecke verarbeiten wir Ihre Daten und auf welcher Rechtsgrundlage erfolgt dies?<\/strong><\/p>\n<p>Bei Nutzung der Voice-Bewerbung werden Sprachaufnahmen angefertigt und gespeichert. Es findet keine Analyse oder Bewertung der Sprachaufnahme statt. Die Sprachaufnahmen werden per Microsoft Azure speech to text API in Pdf-Dateien umgewandelt. Diese werden \u00fcber iCore Application Layer an den S3 Fileservice der Open Telekom Cloud \u00fcbermittelt. Die Kopf-\/Metadaten werden in dem zugeordneten mySQL Galera Cluster auf der Open Telekom Cloud gespeichert. Die pdf-Dateien werden dann, ggf. mit den von Ihnen hochgeladenen Dokumenten, durch ausgew\u00e4hlte Mitarbeiter des Personalbereiches zum Zwecke der Bearbeitung Ihrer Bewerbung und zur Bewerberauswahl weiterverarbeitet.<\/p>\n<p>Ihr Kontaktdaten ben\u00f6tigen wir, um Sie f\u00fcr das Bewerbungsverfahren kontaktieren zu k\u00f6nnen.<\/p>\n<p>Die Verarbeitung Ihrer Daten im Rahmen der Bewerbung erfolgt auf der Rechtsgrundlage Art. 6 Abs. 1 lit. b DSGVO zum Zweck der Bewerberauswahl sowie vorvertraglicher Ma\u00dfnahmen zum Zweck der Bewerberauswahl und Kontaktaufnahme. Sofern wir mehrere Kontaktaufnahmedaten anfragen, liegt dies in unserem berechtigten Interesse Sie \u00fcber die diversen Kontaktm\u00f6glichkeiten schnell und effizient f\u00fcr das Bewerbungsverfahren zu erreichen (Art. 6 Abs. 1 lif. f DSGVO).<\/p>\n<p>Die Verarbeitung ihres Fotos\/Selfie erfolgt auf Grundlage ihrer Einwilligung (Art. 6 Abs. 1 lit. a DSGVO). Soweit sich aus dem Bild Hinweise auf die rassische und ethnische Herkunft, Religion bzw. Weltanschauung, politische Meinung, Gewerkschaftszugeh\u00f6rigkeit und\/oder Gesundheit ergeben (z.\u2009B. Hautfarbe, Kopfbedeckung, Brille, politische T-Shirt), bezieht sich die Einwilligung auch auf diese Angaben (Art. 9 Abs. 2 lit. a DSGVO). Ihre Einwilligung k\u00f6nnen Sie jederzeit mit Wirkung f\u00fcr die Zukunft widerrufen. Den Widerruf richten Sie an hundhammer@rischart.de idealerweise mit dem Hinweis \u201eWiderruf Bewerbungsselfie\u201c.<\/p>\n<p>Die Verwendung von Microsoft Azure liegt in unserem berechtigten Interesse (Art. 6 Abs. 1 lit. f DSGVO), welches darin besteht ihre Sprachr\u00fcckmeldungen effizient in Text umzuwandeln und ein pdf-Transkript f\u00fcr den Bewerbungsprozess zu erstellen.<\/p>\n<p><strong>7. Wer hat Zugang zu Ihren Daten und aus welchem Grund?<\/strong><\/p>\n<p>Ihre personenbezogenen Daten werden ausschlie\u00dflich f\u00fcr Zwecke der Bearbeitung Ihrer Bewerbung verarbeitet. Die Daten sind nur ausgew\u00e4hlten Mitarbeiterinnen und Mitarbeitern der Personalabteilung und den f\u00fcr die Auswahl verantwortlichen Personen im Unternehmen zug\u00e4nglich.<\/p>\n<p>Zudem k\u00f6nnen von uns eingesetzte Dienstleister (Auftragsverarbeiter), die uns bei der technischen Umsetzung unterst\u00fctzen, Zugriff auf die Daten erhalten.<\/p>\n<p>Eine Daten\u00fcbermittlung in L\u00e4nder au\u00dferhalb der EU\/ des EWR findet nicht statt.<\/p>\n<p><strong>8. Automatisierte Entscheidungsfindung; Profiling<\/strong><\/p>\n<p>Ihre personenbezogenen Daten werden weder f\u00fcr automatisierte Entscheidungsfindung noch f\u00fcr Profiling verwendet.<\/p>\n<p><strong>9. Datenherkunft<\/strong><\/p>\n<p>Die Daten erhalten wir i. d. R. direkt von ihnen. Sofern Sie Unterst\u00fctzung oder Hilfe von anderen Personen bei ihrer Bewerbung erhalten, k\u00f6nnen ihre personenbezogenen Daten auch von diesen kommen.<\/p>\n<p><strong>10. Wie lange werden die Daten gespeichert?<\/strong><\/p>\n<p>Wir speichern Ihre Daten, solange wie dies f\u00fcr die Entscheidung \u00fcber Ihre Bewerbung erforderlich ist. Soweit ein Besch\u00e4ftigungsverh\u00e4ltnis nicht zustande kommt, k\u00f6nnen wir Ihre Daten dar\u00fcber hinaus noch weiter speichern, soweit dies zur Verteidigung gegen m\u00f6gliche Rechtsanspr\u00fcche erforderlich ist. In der Regel werden die Bewerbungsunterlagen inkl. der Textprotokolle nach sechs Monaten gel\u00f6scht (Absage, R\u00fcckzug der Bewerbung), sofern diese nicht im Rahmen eines Anstellungsverh\u00e4ltnisses in die Personalunterlagen \u00fcberf\u00fchrt werden d\u00fcrfen.<\/p>\n<p>Sprachbewerbungen, die berechtigte Zweifel an der Ernsthaftigkeit der Bewerbung erkennen lassen, l\u00f6schen wir unverz\u00fcglich nach Kenntnisnahme.<\/p>\n<p><strong>11. Welche Rechte haben Sie?<\/strong><\/p>\n<p>Sie haben folgende Rechte als \u201ebetroffene Person\u201c, deren Daten wir verarbeiten:<\/p>\n<ul>\n<li>Recht auf Auskunft nach Art. 15 DSGVO<\/li>\n<li>Recht auf Berichtigung nach Art. 16 DSGVO<\/li>\n<li>Recht auf L\u00f6schung (\u201eVergessenwerden\u201c) nach Art. 17 DSGVO<\/li>\n<li>Recht auf Einschr\u00e4nkung der Verarbeitung nach Art. 18 DSGVO<\/li>\n<li>Recht auf \u00dcbertragung Ihrer Daten in einem strukturierten, g\u00e4ngigen und maschinenlesbaren Format nach Art. 20 DSGVO<\/li>\n<\/ul>\n<p>Soweit wir die Verarbeitung f\u00fcr bestimmte Zwecke Ihrer personenbezogenen Daten auf Grundlage Ihrer Einwilligung durchf\u00fchren, haben Sie nach Art. 7 Abs. 3 DSGVO das Recht, Ihre Einwilligung jederzeit zu widerrufen. Nach Erhalt Ihres Widerrufs werden wir die Datenverarbeitung f\u00fcr die Zwecke einstellen, f\u00fcr die Sie uns die Einwilligung erteilt haben. Die Rechtm\u00e4\u00dfigkeit der Verarbeitung vor Erhalt Ihres Widerrufs bleibt unber\u00fchrt.<\/p>\n<p>Widerspruchsrecht: Wenn wir Ihre personenbezogenen Daten zur Wahrung von berechtigten Interessen im Sinne von Art. 6 Abs. 1 Unterabsatz 1 Buchstabe f DSGVO verarbeiten, haben Sie nach Art. 21 Abs. 1 DSGVO das Recht, dieser Verarbeitung aus Gr\u00fcnden zu widersprechen, die sich aus Ihrer besonderen Situation ergeben. Um Ihr Widerspruchsrecht auszu\u00fcben, gen\u00fcgt eine formlose Mitteilung an uns (z.B. per E-Mail an datenschutz@rischart.de) mit der Angabe, welcher Datenverarbeitung Sie widersprechen.<\/p>\n<p>Wenn Sie der Meinung sind, dass die Verarbeitung der Sie betreffenden personenbezogenen Daten gegen die Datenschutz-Grundverordnung verst\u00f6\u00dft, haben Sie das Recht zur Beschwerde nach Art. 77 Abs. 1 DSGVO bei einer Aufsichtsbeh\u00f6rde f\u00fcr den Datenschutz. Die Beschwerde kann insbesondere bei der Aufsichtsbeh\u00f6rde eingelegt werden, die am Ort Ihres gew\u00f6hnlichen Aufenthalts, Ihres Arbeitsplatzes oder des mutma\u00dflichen Versto\u00dfes zust\u00e4ndig ist.<\/p>\n<p><em>Diese Hinweise haben den Stand Januar 2025. Wir behalten uns vor, unsere Datenschutzhinweise an \u00c4nderungen in Vorschriften oder der Rechtsprechung anzupassen.<\/em><\/p><\/div>\n\t\t\t<\/div>\n\t\t\t<\/div>\n\t\t\t\t\n\t\t\t\t\n\t\t\t\t\n\t\t\t\t\n\t\t\t<\/div>\n\t\t\t\t\n\t\t\t\t\n\t\t\t<\/div>\n","protected":false},"excerpt":{"rendered":"","protected":false},"author":1,"featured_media":0,"parent":0,"menu_order":0,"comment_status":"closed","ping_status":"closed","template":"","meta":{"content-type":"","_et_pb_use_builder":"on","_et_pb_old_content":"","_et_gb_content_width":"","footnotes":""},"class_list":["post-19850","page","type-page","status-publish","hentry"],"_links":{"self":[{"href":"https:\/\/talkandjob.com\/de\/wp-json\/wp\/v2\/pages\/19850","targetHints":{"allow":["GET"]}}],"collection":[{"href":"https:\/\/talkandjob.com\/de\/wp-json\/wp\/v2\/pages"}],"about":[{"href":"https:\/\/talkandjob.com\/de\/wp-json\/wp\/v2\/types\/page"}],"author":[{"embeddable":true,"href":"https:\/\/talkandjob.com\/de\/wp-json\/wp\/v2\/users\/1"}],"replies":[{"embeddable":true,"href":"https:\/\/talkandjob.com\/de\/wp-json\/wp\/v2\/comments?post=19850"}],"version-history":[{"count":1,"href":"https:\/\/talkandjob.com\/de\/wp-json\/wp\/v2\/pages\/19850\/revisions"}],"predecessor-version":[{"id":21533,"href":"https:\/\/talkandjob.com\/de\/wp-json\/wp\/v2\/pages\/19850\/revisions\/21533"}],"wp:attachment":[{"href":"https:\/\/talkandjob.com\/de\/wp-json\/wp\/v2\/media?parent=19850"}],"curies":[{"name":"wp","href":"https:\/\/api.w.org\/{rel}","templated":true}]}}