{"id":17893,"date":"2024-06-13T13:55:55","date_gmt":"2024-06-13T11:55:55","guid":{"rendered":"https:\/\/apply-z.com\/?page_id=17893"},"modified":"2025-10-31T12:35:44","modified_gmt":"2025-10-31T11:35:44","slug":"case-studies","status":"publish","type":"page","link":"https:\/\/talkandjob.com\/de\/case-studies\/","title":{"rendered":"Case Studies"},"content":{"rendered":"<div class=\"et_pb_section_0 et_pb_section et_section_regular et_block_section\">\n<div class=\"et_pb_row_0 et_pb_row et_pb_gutters1 et_block_row\">\n<div class=\"et_pb_column_0 et_pb_column et_pb_column_4_4 et-last-child et_block_column et_pb_css_mix_blend_mode_passthrough\">\n<div class=\"et_pb_text_0 et_pb_text et_pb_bg_layout_light et_pb_module et_block_module preset--group--divi-text--divi-font-body--default preset--module--divi-text--default\"><div class=\"et_pb_text_inner\"><h3>Case studies<\/h3>\n<\/div><\/div>\n\n<div class=\"et_pb_heading_0 et_pb_heading et_pb_module et_block_module preset--module--divi-heading--10ec0fec-e4e4-413a-b130-0f09f098117b\"><div class=\"et_pb_heading_container\"><h4 class=\"et_pb_module_header\">So lauft's, wenn Recruiting richtig gemacht wird<\/h4><\/div><\/div>\n\n<div class=\"et_pb_heading_1 et_pb_heading et_pb_module et_block_module preset--module--divi-heading--tvc7eanj9u\"><div class=\"et_pb_heading_container\"><h4 class=\"et_pb_module_header\">Von Gesundheitswesen bis Einzelhandel: Unternehmen aus \u00fcber 20 Branchen und 8 L\u00e4ndern setzen auf Talk\u2019n\u2019Job, um schneller passende Bewerber zu finden. Hier siehst du, wie unsere L\u00f6sung in der Praxis wirkt.<\/h4><\/div><\/div>\n<\/div>\n<\/div>\n\n<div class=\"et_pb_row_1 et_pb_row et_flex_row\">\n<div class=\"et_pb_column_1 et_pb_column et-last-child et_flex_column et_pb_css_mix_blend_mode_passthrough et_flex_column_3_5 et_flex_column_3_5_tablet et_flex_column_24_24_phone\">\n<div class=\"et_pb_module et_pb_button_module_wrapper et_pb_button_0_wrapper preset--module--divi-button--5ff19c23-15f4-45c5-a667-ea7708611fbc_wrapper\"><a class=\"et_pb_button_0 et_pb_button et_pb_bg_layout_light et_pb_module et_block_module chat-popup-button preset--module--divi-button--5ff19c23-15f4-45c5-a667-ea7708611fbc\" href=\"https:\/\/talkandjob.com\/de\/kostenfreie-demo-buchen\/\">Kostenlose Demo buchen<\/a><\/div>\n\n<div class=\"et_pb_module et_pb_button_module_wrapper et_pb_button_1_wrapper preset--module--divi-button--3506eb07-3ce1-4f6a-b3ea-cf993e0fc58f_wrapper\"><a class=\"et_pb_button_1 et_pb_button et_pb_bg_layout_light et_pb_module et_block_module preset--module--divi-button--3506eb07-3ce1-4f6a-b3ea-cf993e0fc58f\" href=\"https:\/\/app.talk-n-job.de\/chat\/intro\/2000989?__hstc=230532227.e1022b8669760dabd6b738c5f7d64093.1756801425563.1761638013889.1761656302182.94&#038;__hssc=230532227.101.1761656302182&#038;__hsfp=3215966326\" target=\"_blank\">Talk&#039;n&#039;Job testen<\/a><\/div>\n<\/div>\n<\/div>\n<\/div>\n\n<div class=\"et_pb_section_1 et_pb_section et_section_regular et_flex_section\">\n<div class=\"et_pb_row_2 et_pb_row et_flex_row\">\n<div class=\"et_pb_column_2 et_pb_column et-last-child et_flex_column et_pb_css_mix_blend_mode_passthrough et_flex_column_24_24 et_flex_column_24_24_tablet et_flex_column_24_24_phone\">\n<div class=\"et_pb_blog_0 et_pb_blog et_pb_bg_layout_light et_pb_posts et_pb_module preset--group--divi-blog--divi-font--default preset--group--divi-blog--divi-font-body--default preset--module--divi-blog--default\"><div class=\"et_pb_ajax_pagination_container\"><div class=\"et_pb_posts et_grid_module\"><article class=\"et_pb_post et_pb_post_id_19987 clearfix et_pb_blog_item_0_0 post-19987 post type-post status-publish format-standard has-post-thumbnail hentry category-case-studies\"><div class=\"et_pb_image_container\"><a href=\"https:\/\/talkandjob.com\/de\/case-study-nhs-southampton-preq-vorqualifikation\/\" class=\"entry-featured-image-url\"><img loading=\"lazy\" decoding=\"async\" src=\"https:\/\/talkandjob.com\/wp-content\/uploads\/2025\/10\/Case-Study_NHS.png\" width=\"400\" height=\"284\" alt=\"Warum das NHS dank der PreQ-Vorqualifikation bei der Bewerberauswahl jetzt 90% effizienter ist\" class=\"\" srcset=\"https:\/\/talkandjob.com\/wp-content\/uploads\/2025\/10\/Case-Study_NHS.png 479w, https:\/\/talkandjob.com\/wp-content\/uploads\/2025\/10\/Case-Study_NHS-400x284.png 480w\" sizes=\"(max-width:479px) 479px, 100vw\" \/><span data-icon=\"$\" class=\"et_overlay et_pb_inline_icon\"><\/span><\/a><\/div><h4 class=\"entry-title\"><a href=\"https:\/\/talkandjob.com\/de\/case-study-nhs-southampton-preq-vorqualifikation\/\">Warum das NHS dank der PreQ-Vorqualifikation bei der Bewerberauswahl jetzt 90% effizienter ist<\/a><\/h4><p class=\"post-meta\"><\/p><div class=\"post-content\"><div class=\"post-content-inner\"><\/div><a href=\"https:\/\/talkandjob.com\/de\/case-study-nhs-southampton-preq-vorqualifikation\/\" class=\"more-link\">mehr lesen...<\/a><\/div><\/article><article class=\"et_pb_post et_pb_post_id_17868 clearfix et_pb_blog_item_0_1 post-17868 post type-post status-publish format-standard has-post-thumbnail hentry category-case-studies\"><div class=\"et_pb_image_container\"><a href=\"https:\/\/talkandjob.com\/de\/case-study-sparkasse-mainfranken-wurzburg\/\" class=\"entry-featured-image-url\"><img loading=\"lazy\" decoding=\"async\" src=\"https:\/\/talkandjob.com\/wp-content\/uploads\/2025\/10\/Case-Study_Sparkasse_bushaltestelle-bewerbung.png\" width=\"400\" height=\"284\" alt=\"Sparkasse Mainfranken W\u00fcrzburg optimiert Azubi-Recruiting mit Talk\u2019n\u2019Job\" class=\"\" srcset=\"https:\/\/talkandjob.com\/wp-content\/uploads\/2025\/10\/Case-Study_Sparkasse_bushaltestelle-bewerbung.png 479w, https:\/\/talkandjob.com\/wp-content\/uploads\/2025\/10\/Case-Study_Sparkasse_bushaltestelle-bewerbung-400x284.png 480w\" sizes=\"(max-width:479px) 479px, 100vw\" \/><span data-icon=\"$\" class=\"et_overlay et_pb_inline_icon\"><\/span><\/a><\/div><h4 class=\"entry-title\"><a href=\"https:\/\/talkandjob.com\/de\/case-study-sparkasse-mainfranken-wurzburg\/\">Sparkasse Mainfranken W\u00fcrzburg optimiert Azubi-Recruiting mit Talk\u2019n\u2019Job<\/a><\/h4><p class=\"post-meta\"><\/p><div class=\"post-content\"><div class=\"post-content-inner\"><\/div><a href=\"https:\/\/talkandjob.com\/de\/case-study-sparkasse-mainfranken-wurzburg\/\" class=\"more-link\">mehr lesen...<\/a><\/div><\/article><article class=\"et_pb_post et_pb_post_id_18204 clearfix et_pb_blog_item_0_2 post-18204 post type-post status-publish format-standard has-post-thumbnail hentry category-case-studies\"><div class=\"et_pb_image_container\"><a href=\"https:\/\/talkandjob.com\/de\/case-study-university-hospital-southampton\/\" class=\"entry-featured-image-url\"><img loading=\"lazy\" decoding=\"async\" src=\"https:\/\/talkandjob.com\/wp-content\/uploads\/2025\/10\/Case-Study_1-TNJ_NHS_Pressemitteilungbild.png\" width=\"400\" height=\"284\" alt=\"Wie das NHS University Hospital Southampton 55% seiner Vertragsangebote \u00fcber Talk\u2019n\u2019Job erzielt\" class=\"\" srcset=\"https:\/\/talkandjob.com\/wp-content\/uploads\/2025\/10\/Case-Study_1-TNJ_NHS_Pressemitteilungbild.png 479w, https:\/\/talkandjob.com\/wp-content\/uploads\/2025\/10\/Case-Study_1-TNJ_NHS_Pressemitteilungbild-400x284.png 480w\" sizes=\"(max-width:479px) 479px, 100vw\" \/><span data-icon=\"$\" class=\"et_overlay et_pb_inline_icon\"><\/span><\/a><\/div><h4 class=\"entry-title\"><a href=\"https:\/\/talkandjob.com\/de\/case-study-university-hospital-southampton\/\">Wie das NHS University Hospital Southampton 55% seiner Vertragsangebote \u00fcber Talk\u2019n\u2019Job erzielt<\/a><\/h4><p class=\"post-meta\"><\/p><div class=\"post-content\"><div class=\"post-content-inner\"><\/div><a href=\"https:\/\/talkandjob.com\/de\/case-study-university-hospital-southampton\/\" class=\"more-link\">mehr lesen...<\/a><\/div><\/article><article class=\"et_pb_post et_pb_post_id_18966 clearfix et_pb_blog_item_0_3 post-18966 post type-post status-publish format-standard has-post-thumbnail hentry category-case-studies\"><div class=\"et_pb_image_container\"><a href=\"https:\/\/talkandjob.com\/de\/case-study-breer-gebaeudedienste-heidelberg-gmbh\/\" class=\"entry-featured-image-url\"><img loading=\"lazy\" decoding=\"async\" src=\"https:\/\/talkandjob.com\/wp-content\/uploads\/2025\/10\/Case-Study_Breer_SM-Template_Hotelzimmerreiniger.png\" width=\"400\" height=\"284\" alt=\"Kosten pro Bewerbung auf 30 Euro gesenkt: Breer Geb\u00e4udedienste setzt auf Talk\u2019n\u2019Job\" class=\"\" srcset=\"https:\/\/talkandjob.com\/wp-content\/uploads\/2025\/10\/Case-Study_Breer_SM-Template_Hotelzimmerreiniger.png 479w, https:\/\/talkandjob.com\/wp-content\/uploads\/2025\/10\/Case-Study_Breer_SM-Template_Hotelzimmerreiniger-400x284.png 480w\" sizes=\"(max-width:479px) 479px, 100vw\" \/><span data-icon=\"$\" class=\"et_overlay et_pb_inline_icon\"><\/span><\/a><\/div><h4 class=\"entry-title\"><a href=\"https:\/\/talkandjob.com\/de\/case-study-breer-gebaeudedienste-heidelberg-gmbh\/\">Kosten pro Bewerbung auf 30 Euro gesenkt: Breer Geb\u00e4udedienste setzt auf Talk\u2019n\u2019Job<\/a><\/h4><p class=\"post-meta\"><\/p><div class=\"post-content\"><div class=\"post-content-inner\"><\/div><a href=\"https:\/\/talkandjob.com\/de\/case-study-breer-gebaeudedienste-heidelberg-gmbh\/\" class=\"more-link\">mehr lesen...<\/a><\/div><\/article><article class=\"et_pb_post et_pb_post_id_17726 clearfix et_pb_blog_item_0_4 post-17726 post type-post status-publish format-standard has-post-thumbnail hentry category-case-studies\"><div class=\"et_pb_image_container\"><a href=\"https:\/\/talkandjob.com\/de\/case-study-systemair-deutschland\/\" class=\"entry-featured-image-url\"><img loading=\"lazy\" decoding=\"async\" src=\"https:\/\/talkandjob.com\/wp-content\/uploads\/2025\/10\/Case-Study_Systemair_TalknJob-Zapfsaeule.jpg\" width=\"322\" height=\"284\" alt=\"Zapfsaeule von Systemair mit QR Code f\u00fcr Sprachbewerbung\" class=\"\" srcset=\"https:\/\/talkandjob.com\/wp-content\/uploads\/2025\/10\/Case-Study_Systemair_TalknJob-Zapfsaeule.jpg 479w, https:\/\/talkandjob.com\/wp-content\/uploads\/2025\/10\/Case-Study_Systemair_TalknJob-Zapfsaeule.jpg 480w\" sizes=\"(max-width:479px) 479px, 100vw\" \/><span data-icon=\"$\" class=\"et_overlay et_pb_inline_icon\"><\/span><\/a><\/div><h4 class=\"entry-title\"><a href=\"https:\/\/talkandjob.com\/de\/case-study-systemair-deutschland\/\">Effizientes Recruiting in der Produktions- und Logistikbranche: Systemair Deutschland spricht Bewerber direkt an mit Talk\u2019n\u2019Job<\/a><\/h4><p class=\"post-meta\"><\/p><div class=\"post-content\"><div class=\"post-content-inner\"><\/div><a href=\"https:\/\/talkandjob.com\/de\/case-study-systemair-deutschland\/\" class=\"more-link\">mehr lesen...<\/a><\/div><\/article><article class=\"et_pb_post et_pb_post_id_17723 clearfix et_pb_blog_item_0_5 post-17723 post type-post status-publish format-standard has-post-thumbnail hentry category-case-studies\"><div class=\"et_pb_image_container\"><a href=\"https:\/\/talkandjob.com\/de\/case-study-max-luening-gmbh-co-kg\/\" class=\"entry-featured-image-url\"><img loading=\"lazy\" decoding=\"async\" src=\"https:\/\/talkandjob.com\/wp-content\/uploads\/2025\/10\/Case-Study_Max-Luening_Thumbnail.png\" width=\"400\" height=\"284\" alt=\"Max L\u00fcning GmbH verdoppelt Bewerbungen f\u00fcr Verk\u00e4ufer und Logistik im ersten Quartal mit Talk\u2019n\u2019Job\" class=\"\" srcset=\"https:\/\/talkandjob.com\/wp-content\/uploads\/2025\/10\/Case-Study_Max-Luening_Thumbnail.png 479w, https:\/\/talkandjob.com\/wp-content\/uploads\/2025\/10\/Case-Study_Max-Luening_Thumbnail.png 480w\" sizes=\"(max-width:479px) 479px, 100vw\" \/><span data-icon=\"$\" class=\"et_overlay et_pb_inline_icon\"><\/span><\/a><\/div><h4 class=\"entry-title\"><a href=\"https:\/\/talkandjob.com\/de\/case-study-max-luening-gmbh-co-kg\/\">Max L\u00fcning GmbH verdoppelt Bewerbungen f\u00fcr Verk\u00e4ufer und Logistik im ersten Quartal mit Talk\u2019n\u2019Job<\/a><\/h4><p class=\"post-meta\"><\/p><div class=\"post-content\"><div class=\"post-content-inner\"><\/div><a href=\"https:\/\/talkandjob.com\/de\/case-study-max-luening-gmbh-co-kg\/\" class=\"more-link\">mehr lesen...<\/a><\/div><\/article><\/div><\/div><\/div>\n<\/div>\n<\/div>\n<\/div>\n\n<div class=\"et_pb_section_2 et_pb_section et_section_regular et_flex_section\">\n<div class=\"et_pb_row_3 et_pb_row et_block_row\">\n<div class=\"et_pb_column_3 et_pb_column et_pb_column_4_4 et-last-child et_block_column et_pb_css_mix_blend_mode_passthrough\">\n<div class=\"et_pb_text_1 et_pb_text et_pb_bg_layout_light et_pb_module et_block_module preset--group--divi-text--divi-font-body--default preset--module--divi-text--default\"><div class=\"et_pb_text_inner\"><p>150+ kleine und gro\u00dfe Unternehmen vertrauen auf Talk\u2019n\u2019Job.<\/p>\n<\/div><\/div>\n\n\n\n\n\n\n\n\n\n\n<div class=\"et_pb_module et_d4_element ba_logo_carousel ba_logo_carousel_0\">\n\t\t\t\t\n\t\t\t\t\n\t\t\t\t\n\t\t\t\t\n\t\t\t\t\n\t\t\t\t\n\t\t\t\t<div class=\"et_pb_module_inner\">\n\t\t\t\t\t<div class = \"dtq-carousel dtq-logo-carousel dtq-carousel-frontend no_hover\" data-settings=\"{&quot;responsive&quot;:[{&quot;breakpoint&quot;:980},{&quot;breakpoint&quot;:767}],&quot;cssEase&quot;:&quot;linear&quot;,&quot;swipe&quot;:true,&quot;variableWidth&quot;:true,&quot;dots&quot;:false,&quot;arrows&quot;:false,&quot;infinite&quot;:true,&quot;autoplay&quot;:true,&quot;autoplaySpeed&quot;:2000,&quot;speed&quot;:600,&quot;slidesToShow&quot;:1,&quot;slidesToScroll&quot;:1,&quot;centerPadding&quot;:0,&quot;centerMode&quot;:false,&quot;vertical&quot;:false,&quot;prevArrow&quot;:&quot;&lt;button type=\\&quot;button\\&quot; data-icon=\\&quot;&amp;#x34;\\&quot; class=\\&quot;slick-arrow slick-prev\\&quot;&gt;Prev&lt;\\\/button&gt;&quot;,&quot;nextArrow&quot;:&quot;&lt;button type=\\&quot;button\\&quot; data-icon=\\&quot;&amp;#x35;\\&quot; class=\\&quot;slick-arrow slick-next\\&quot;&gt;Prev&lt;\\\/button&gt;&quot;,&quot;waitForAnimate&quot;:false}\" >\n                <div class=\"et_d4_element ba_logo_carousel_child ba_logo_carousel_child_0\">\n\t\t\t\t\n\t\t\t\t\n\t\t\t\t\n\t\t\t\t\n\t\t\t\t\n\t\t\t\t\n\t\t\t\t<div class=\"et_pb_module_inner\">\n\t\t\t\t\t<div class=\"dtq-carousel-item dtq-logo-carousel-item dtq-swapped-img-selector\">\n\t\t\t    \n\t\t\t\t\n            <div class=\"dtq-lightbox-ctrl\"><img decoding=\"async\" class=\"dtq-swapped-img\" data-mfp-src=\"https:\/\/talkandjob.com\/wp-content\/uploads\/2025\/05\/Logo_Kunden_Hans-Im-Glueck.svg\" src=\"https:\/\/talkandjob.com\/wp-content\/uploads\/2025\/05\/Logo_Kunden_Hans-Im-Glueck.svg\" alt=\"Hans im Gl\u00fcck Logo\"  \/><\/div>\n\t\t\t<\/div>\n\t\t\t\t<\/div>\n\t\t\t<\/div><div class=\"et_d4_element ba_logo_carousel_child ba_logo_carousel_child_1\">\n\t\t\t\t\n\t\t\t\t\n\t\t\t\t\n\t\t\t\t\n\t\t\t\t\n\t\t\t\t\n\t\t\t\t<div class=\"et_pb_module_inner\">\n\t\t\t\t\t<div class=\"dtq-carousel-item dtq-logo-carousel-item dtq-swapped-img-selector\">\n\t\t\t    \n\t\t\t\t\n            <div class=\"dtq-lightbox-ctrl\"><img decoding=\"async\" class=\"dtq-swapped-img\" data-mfp-src=\"https:\/\/talkandjob.com\/wp-content\/uploads\/2025\/05\/Logo_Kunden_AT-Post.svg\" src=\"https:\/\/talkandjob.com\/wp-content\/uploads\/2025\/05\/Logo_Kunden_AT-Post.svg\" alt=\"AT Post\"  \/><\/div>\n\t\t\t<\/div>\n\t\t\t\t<\/div>\n\t\t\t<\/div><div class=\"et_d4_element ba_logo_carousel_child ba_logo_carousel_child_2\">\n\t\t\t\t\n\t\t\t\t\n\t\t\t\t\n\t\t\t\t\n\t\t\t\t\n\t\t\t\t\n\t\t\t\t<div class=\"et_pb_module_inner\">\n\t\t\t\t\t<div class=\"dtq-carousel-item dtq-logo-carousel-item dtq-swapped-img-selector\">\n\t\t\t    \n\t\t\t\t\n            <div class=\"dtq-lightbox-ctrl\"><img decoding=\"async\" class=\"dtq-swapped-img\" data-mfp-src=\"https:\/\/talkandjob.com\/wp-content\/uploads\/2025\/05\/Logo_Kunden_NHS.svg\" src=\"https:\/\/talkandjob.com\/wp-content\/uploads\/2025\/05\/Logo_Kunden_NHS.svg\" alt=\"NHS Logo\"  \/><\/div>\n\t\t\t<\/div>\n\t\t\t\t<\/div>\n\t\t\t<\/div><div class=\"et_d4_element ba_logo_carousel_child ba_logo_carousel_child_3\">\n\t\t\t\t\n\t\t\t\t\n\t\t\t\t\n\t\t\t\t\n\t\t\t\t\n\t\t\t\t\n\t\t\t\t<div class=\"et_pb_module_inner\">\n\t\t\t\t\t<div class=\"dtq-carousel-item dtq-logo-carousel-item dtq-swapped-img-selector\">\n\t\t\t    \n\t\t\t\t\n            <div class=\"dtq-lightbox-ctrl\"><img decoding=\"async\" class=\"dtq-swapped-img\" data-mfp-src=\"https:\/\/talkandjob.com\/wp-content\/uploads\/2025\/05\/Logo_Kunden_REWE.svg\" src=\"https:\/\/talkandjob.com\/wp-content\/uploads\/2025\/05\/Logo_Kunden_REWE.svg\" alt=\"Rewe Logo\"  \/><\/div>\n\t\t\t<\/div>\n\t\t\t\t<\/div>\n\t\t\t<\/div><div class=\"et_d4_element ba_logo_carousel_child ba_logo_carousel_child_4\">\n\t\t\t\t\n\t\t\t\t\n\t\t\t\t\n\t\t\t\t\n\t\t\t\t\n\t\t\t\t\n\t\t\t\t<div class=\"et_pb_module_inner\">\n\t\t\t\t\t<div class=\"dtq-carousel-item dtq-logo-carousel-item dtq-swapped-img-selector\">\n\t\t\t    \n\t\t\t\t\n            <div class=\"dtq-lightbox-ctrl\"><img decoding=\"async\" class=\"dtq-swapped-img\" data-mfp-src=\"https:\/\/talkandjob.com\/wp-content\/uploads\/2025\/05\/Logo_Kunden_Sparkasse.svg\" src=\"https:\/\/talkandjob.com\/wp-content\/uploads\/2025\/05\/Logo_Kunden_Sparkasse.svg\" alt=\"Sparkasse Logo\"  \/><\/div>\n\t\t\t<\/div>\n\t\t\t\t<\/div>\n\t\t\t<\/div><div class=\"et_d4_element ba_logo_carousel_child ba_logo_carousel_child_5\">\n\t\t\t\t\n\t\t\t\t\n\t\t\t\t\n\t\t\t\t\n\t\t\t\t\n\t\t\t\t\n\t\t\t\t<div class=\"et_pb_module_inner\">\n\t\t\t\t\t<div class=\"dtq-carousel-item dtq-logo-carousel-item dtq-swapped-img-selector\">\n\t\t\t    \n\t\t\t\t\n            <div class=\"dtq-lightbox-ctrl\"><img decoding=\"async\" class=\"dtq-swapped-img\" data-mfp-src=\"https:\/\/talkandjob.com\/wp-content\/uploads\/2025\/05\/Logo_Kunden_Schaefers.svg\" src=\"https:\/\/talkandjob.com\/wp-content\/uploads\/2025\/05\/Logo_Kunden_Schaefers.svg\" alt=\"Sch\u00e4fers Backstuben Logo\"  \/><\/div>\n\t\t\t<\/div>\n\t\t\t\t<\/div>\n\t\t\t<\/div><div class=\"et_d4_element ba_logo_carousel_child ba_logo_carousel_child_6\">\n\t\t\t\t\n\t\t\t\t\n\t\t\t\t\n\t\t\t\t\n\t\t\t\t\n\t\t\t\t\n\t\t\t\t<div class=\"et_pb_module_inner\">\n\t\t\t\t\t<div class=\"dtq-carousel-item dtq-logo-carousel-item dtq-swapped-img-selector\">\n\t\t\t    \n\t\t\t\t\n            <div class=\"dtq-lightbox-ctrl\"><img decoding=\"async\" class=\"dtq-swapped-img\" data-mfp-src=\"https:\/\/talkandjob.com\/wp-content\/uploads\/2025\/05\/Logo_Kunden_Zalando.svg\" src=\"https:\/\/talkandjob.com\/wp-content\/uploads\/2025\/05\/Logo_Kunden_Zalando.svg\" alt=\"Zalando Logo\"  \/><\/div>\n\t\t\t<\/div>\n\t\t\t\t<\/div>\n\t\t\t<\/div><div class=\"et_d4_element ba_logo_carousel_child ba_logo_carousel_child_7\">\n\t\t\t\t\n\t\t\t\t\n\t\t\t\t\n\t\t\t\t\n\t\t\t\t\n\t\t\t\t\n\t\t\t\t<div class=\"et_pb_module_inner\">\n\t\t\t\t\t<div class=\"dtq-carousel-item dtq-logo-carousel-item dtq-swapped-img-selector\">\n\t\t\t    \n\t\t\t\t\n            <div class=\"dtq-lightbox-ctrl\"><img decoding=\"async\" class=\"dtq-swapped-img\" data-mfp-src=\"https:\/\/talkandjob.com\/wp-content\/uploads\/2025\/05\/Logo_Kunden_Wuerth.svg\" src=\"https:\/\/talkandjob.com\/wp-content\/uploads\/2025\/05\/Logo_Kunden_Wuerth.svg\" alt=\"W\u00fcrth Logo\"  \/><\/div>\n\t\t\t<\/div>\n\t\t\t\t<\/div>\n\t\t\t<\/div>\n            <\/div>\n\t\t\t\t<\/div>\n\t\t\t<\/div>\n\n\n\n\n\n\n\n\n\n<\/div>\n<\/div>\n<\/div>\n\n<div class=\"et_pb_section_3 et_pb_section et_section_regular et_block_section\">\n<div class=\"et_pb_row_4 et_pb_row et_block_row\">\n<div class=\"et_pb_column_4 et_pb_column et_pb_column_4_4 et-last-child et_block_column et_pb_css_mix_blend_mode_passthrough\">\n<div class=\"et_pb_text_2 et_pb_text et_pb_bg_layout_light et_pb_module et_block_module preset--module--divi-text--6aa0bf39-a959-41a3-bcbb-7f8b71222003\"><div class=\"et_pb_text_inner\"><h2>Beende deinen Bewerbermangel<\/h2>\n<\/div><\/div>\n\n<div class=\"et_pb_text_3 et_pb_text et_pb_bg_layout_light et_pb_module et_block_module preset--module--divi-text--e6dc869a-0fbc-4380-88fc-e4849318e3fb\"><div class=\"et_pb_text_inner\"><h5>Vereinbare einen Termin mit uns und wir zeigen dir in einem pers\u00f6nlichen Gespr\u00e4ch, wie du mit unserem Sprachchat deinen Bewerbungsprozess optimierst<\/h5>\n<\/div><\/div>\n\n<div class=\"et_pb_module et_pb_button_module_wrapper et_pb_button_2_wrapper preset--group--divi-button--divi-font--default_wrapper preset--module--divi-button--default_wrapper\"><a class=\"et_pb_button_2 et_pb_button et_pb_bg_layout_light et_pb_module et_block_module preset--group--divi-button--divi-font--default preset--module--divi-button--default\" href=\"https:\/\/talkjobs.de\/TnJDemobuchenButton\" target=\"_blank\">Demo buchen<\/a><\/div>\n<\/div>\n<\/div>\n\n<div class=\"et_pb_row_5 et_pb_row et_block_row\">\n<div class=\"et_pb_column_5 et_pb_column et_pb_column_4_4 et-last-child et_block_column et_pb_css_mix_blend_mode_passthrough\">\n<div class=\"et_pb_image_0 et_pb_image et_pb_image_sticky et_pb_module et_block_module\"><span class=\"et_pb_image_wrap\"><img loading=\"lazy\" decoding=\"async\" src=\"https:\/\/talkandjob.com\/wp-content\/uploads\/2023\/10\/CTA-Grafik.png\" width=\"1920\" height=\"478\" srcset=\"https:\/\/talkandjob.com\/wp-content\/uploads\/2023\/10\/CTA-Grafik.png 1920w, https:\/\/talkandjob.com\/wp-content\/uploads\/2023\/10\/CTA-Grafik-1280x319.png 1280w, https:\/\/talkandjob.com\/wp-content\/uploads\/2023\/10\/CTA-Grafik-980x244.png 980w, https:\/\/talkandjob.com\/wp-content\/uploads\/2023\/10\/CTA-Grafik-480x120.png 480w\" sizes=\"(min-width: 0px) and (max-width: 480px) 480px, (min-width: 481px) and (max-width: 980px) 980px, (min-width: 981px) and (max-width: 1280px) 1280px, (min-width: 1281px) 1920px, 100vw\" class=\"wp-image-15721\" title=\"CTA-Grafik\" \/><\/span><\/div>\n<\/div>\n<\/div>\n<\/div>","protected":false},"excerpt":{"rendered":"","protected":false},"author":4,"featured_media":0,"parent":0,"menu_order":0,"comment_status":"closed","ping_status":"closed","template":"","meta":{"content-type":"","_et_pb_use_builder":"on","_et_pb_old_content":"","_et_gb_content_width":"","footnotes":""},"class_list":["post-17893","page","type-page","status-publish","hentry"],"_links":{"self":[{"href":"https:\/\/talkandjob.com\/de\/wp-json\/wp\/v2\/pages\/17893","targetHints":{"allow":["GET"]}}],"collection":[{"href":"https:\/\/talkandjob.com\/de\/wp-json\/wp\/v2\/pages"}],"about":[{"href":"https:\/\/talkandjob.com\/de\/wp-json\/wp\/v2\/types\/page"}],"author":[{"embeddable":true,"href":"https:\/\/talkandjob.com\/de\/wp-json\/wp\/v2\/users\/4"}],"replies":[{"embeddable":true,"href":"https:\/\/talkandjob.com\/de\/wp-json\/wp\/v2\/comments?post=17893"}],"version-history":[{"count":12,"href":"https:\/\/talkandjob.com\/de\/wp-json\/wp\/v2\/pages\/17893\/revisions"}],"predecessor-version":[{"id":23066,"href":"https:\/\/talkandjob.com\/de\/wp-json\/wp\/v2\/pages\/17893\/revisions\/23066"}],"wp:attachment":[{"href":"https:\/\/talkandjob.com\/de\/wp-json\/wp\/v2\/media?parent=17893"}],"curies":[{"name":"wp","href":"https:\/\/api.w.org\/{rel}","templated":true}]}}