{"id":15802,"date":"2023-10-24T16:57:39","date_gmt":"2023-10-24T14:57:39","guid":{"rendered":"https:\/\/apply-z.com\/?page_id=15802"},"modified":"2025-12-03T14:52:23","modified_gmt":"2025-12-03T13:52:23","slug":"faq","status":"publish","type":"page","link":"https:\/\/talkandjob.com\/de\/faq\/","title":{"rendered":"FAQ"},"content":{"rendered":"<div class=\"et_pb_section_0 et_pb_section et_section_regular et_block_section\">\n<div class=\"et_pb_row_0 et_pb_row et_flex_row\">\n<div class=\"et_pb_column_0 et_pb_column et-last-child et_block_column et_pb_css_mix_blend_mode_passthrough et_flex_column_24_24 et_flex_column_24_24_tablet et_flex_column_24_24_phone\">\n<div class=\"et_pb_row_1 et_pb_row et_pb_gutters1 et_pb_row_nested et_block_row\">\n<div class=\"et_pb_column_1 et_pb_column et_pb_column_4_4 et-last-child et_block_column et_pb_css_mix_blend_mode_passthrough\">\n<div class=\"et_pb_text_0 et_pb_text et_pb_bg_layout_light et_pb_module et_block_module preset--group--divi-text--divi-font-body--default preset--module--divi-text--default\"><div class=\"et_pb_text_inner\"><h3>FAQs<\/h3>\n<\/div><\/div>\n\n<div class=\"et_pb_heading_0 et_pb_heading et_pb_module et_block_module preset--module--divi-heading--10ec0fec-e4e4-413a-b130-0f09f098117b\"><div class=\"et_pb_heading_container\"><h4 class=\"et_pb_module_header\">Die Talk\u2019n\u2019Job-FAQ f\u00fcr Recruiter<\/h4><\/div><\/div>\n\n<div class=\"et_pb_heading_1 et_pb_heading et_pb_module et_block_module preset--module--divi-heading--tvc7eanj9u\"><div class=\"et_pb_heading_container\"><h4 class=\"et_pb_module_header\">Du willst mehr Bewerbungen, weniger Papierkram und einen reibungslosen Recruiting-Flow? In unseren FAQ erf\u00e4hrst du, wie Talk\u2019n\u2019Job genau das m\u00f6glich macht.<\/h4><\/div><\/div>\n<\/div>\n<\/div>\n<\/div>\n<\/div>\n<\/div>\n\n<div class=\"et_pb_section_1 et_pb_section et_section_regular et_flex_section\">\n<div class=\"et_pb_row_2 et_pb_row et_flex_row\">\n<div class=\"et_pb_column_2 et_pb_column et-last-child et_flex_column et_pb_css_mix_blend_mode_passthrough et_flex_column_24_24 et_flex_column_24_24_tablet et_flex_column_24_24_phone\">\n<div class=\"et_pb_group_0 et_pb_group et_pb_module et_flex_group et_pb_css_mix_blend_mode_passthrough\">\n<div class=\"et_pb_heading_2 et_pb_heading et_pb_module et_flex_module preset--module--divi-heading--ed042926-7e3a-4ff8-a732-00c23c9af924\"><div class=\"et_pb_heading_container\"><h4 class=\"et_pb_module_header\">\u00dcber Talk\u2019n\u2019Job<\/h4><\/div><\/div>\n\n<div class=\"et_pb_toggle_0 et_pb_toggle et_pb_toggle_item et_pb_toggle_close et_pb_module et_block_module preset--group--divi-toggle--divi-font--default preset--group--divi-toggle--divi-font-body--default preset--module--divi-toggle--default\"><h4 class=\"et_pb_toggle_title\">Was ist Talk'n'Job?<\/h4><div class=\"et_pb_toggle_content clearfix\"><p>Talk\u2019n\u2019Job ist dein neuer, smarter Bewerbungskanal, der Bewerbungsbarrieren senkt und eine einfache, schnelle Bewerbung in nur 2 Minuten und ganz ohne Bewerbungsunterlagen erm\u00f6glicht. Die richtigen Fragen liefern trotzdem alle Infos f\u00fcr eine erste Vorqualifizierung.<\/p>\n<\/div><\/div>\n\n<div class=\"et_pb_toggle_1 et_pb_toggle et_pb_toggle_item et_pb_toggle_close et_pb_module et_block_module preset--group--divi-toggle--divi-font--default preset--group--divi-toggle--divi-font-body--default preset--module--divi-toggle--default\"><h4 class=\"et_pb_toggle_title\">Was macht Talk'n'Job besonders?<\/h4><div class=\"et_pb_toggle_content clearfix\"><p>Wir holen die Kandidaten da ab wo sie sind, mit dem was sie haben. Mit der sprachgef\u00fchrten Chat-Bewerbung \u00fcbers Smartphone gelingt es Unternehmen bis zu 100% mehr Bewerber zu gewinnen. Und durch unser All-Round Service.<\/p>\n<\/div><\/div>\n\n<div class=\"et_pb_toggle_2 et_pb_toggle et_pb_toggle_item et_pb_toggle_close et_pb_module et_block_module preset--group--divi-toggle--divi-font--default preset--group--divi-toggle--divi-font-body--default preset--module--divi-toggle--default\"><h4 class=\"et_pb_toggle_title\">Wer kann Talk\u2019n\u2019Job nutzen?<\/h4><div class=\"et_pb_toggle_content clearfix\"><p>Egal ob kleines Startup, mittelst\u00e4ndisches Unternehmen oder Gro\u00dfkonzern: Talk\u2019n\u2019Job funktioniert \u00fcberall, wo du Menschen einstellen willst. Besonders stark sind wir in Branchen wie Gesundheitswesen, Logistik, Produktion, Bau, Einzelhandel und \u00fcberall dort, wo viele Blue-Collar-Mitarbeiter, Young Professionals oder Azubis gesucht werden.<\/p>\n<\/div><\/div>\n<\/div>\n\n<div class=\"et_pb_group_1 et_pb_group et_pb_module et_flex_group et_pb_css_mix_blend_mode_passthrough\">\n<div class=\"et_pb_heading_3 et_pb_heading et_pb_module et_flex_module preset--module--divi-heading--ed042926-7e3a-4ff8-a732-00c23c9af924\"><div class=\"et_pb_heading_container\"><h4 class=\"et_pb_module_header\">Bewerbungsprozess & Kandidatenerlebnis<\/h4><\/div><\/div>\n\n<div class=\"et_pb_toggle_3 et_pb_toggle et_pb_toggle_item et_pb_toggle_close et_pb_module et_block_module preset--group--divi-toggle--divi-font--default preset--group--divi-toggle--divi-font-body--default preset--module--divi-toggle--default\"><h4 class=\"et_pb_toggle_title\">Wieso Sprachbewerbungen nutzen?<\/h4><div class=\"et_pb_toggle_content clearfix\"><p>Sprache ist das wichtigste Kommunikationsmittel zwischen Menschen \u2013 und genau das macht Talk\u2019n\u2019Job sich zunutze. Mit Sprachbewerbungen bietest du Kandidaten einen niedrigschwelligen, modernen Bewerbungsprozess, der einfach, schnell und digital ist.<\/p>\n<\/div><\/div>\n\n<div class=\"et_pb_toggle_4 et_pb_toggle et_pb_toggle_item et_pb_toggle_close et_pb_module et_block_module preset--group--divi-toggle--divi-font--default preset--group--divi-toggle--divi-font-body--default preset--module--divi-toggle--default\"><h4 class=\"et_pb_toggle_title\">Wie bewerben sich Kandidaten?<\/h4><div class=\"et_pb_toggle_content clearfix\"><p>Kandidaten klicken auf den Job-Link oder scannen den QR-Code, starten den Chat und sprechen ihre Antworten direkt ins Handy. In weniger als 2 Minuten ist die Bewerbung erledigt.<\/p>\n<\/div><\/div>\n\n<div class=\"et_pb_toggle_5 et_pb_toggle et_pb_toggle_item et_pb_toggle_close et_pb_module et_block_module preset--group--divi-toggle--divi-font--default preset--group--divi-toggle--divi-font-body--default preset--module--divi-toggle--default\"><h4 class=\"et_pb_toggle_title\">K\u00f6nnen Kandidaten sich in mehreren Sprachen bewerben?<\/h4><div class=\"et_pb_toggle_content clearfix\"><p>Ja! Wenn du mehrere Sprachen anbietest, k\u00f6nnen Kandidaten w\u00e4hlen, in welcher Sprache sie sich bewerben m\u00f6chten. Alle zus\u00e4tzlichen Sprachen stehen gegen Aufpreis zur Verf\u00fcgung.<\/p>\n<\/div><\/div>\n<\/div>\n\n<div class=\"et_pb_group_2 et_pb_group et_pb_module et_flex_group et_pb_css_mix_blend_mode_passthrough\">\n<div class=\"et_pb_heading_4 et_pb_heading et_pb_module et_flex_module preset--module--divi-heading--ed042926-7e3a-4ff8-a732-00c23c9af924\"><div class=\"et_pb_heading_container\"><h4 class=\"et_pb_module_header\">Funktionen & Features<\/h4><\/div><\/div>\n\n<div class=\"et_pb_toggle_6 et_pb_toggle et_pb_toggle_item et_pb_toggle_close et_pb_module et_block_module preset--group--divi-toggle--divi-font--default preset--group--divi-toggle--divi-font-body--default preset--module--divi-toggle--default\"><h4 class=\"et_pb_toggle_title\">Wie werden die Chats erstellt?<\/h4><div class=\"et_pb_toggle_content clearfix\"><p>Sobald du dich f\u00fcr Talk\u2019n\u2019Job entschieden hast, begleitet dich unser Customer Success Team Schritt f\u00fcr Schritt. Gemeinsam stimmen wir die Fragen ab und gestalten den Look des Chats. Dabei kannst du aus vielen verschiedenen Avataren w\u00e4hlen und den Chat ganz nach deinem Corporate Design individualisieren.<\/p>\n<\/div><\/div>\n\n<div class=\"et_pb_toggle_7 et_pb_toggle et_pb_toggle_item et_pb_toggle_close et_pb_module et_block_module preset--group--divi-toggle--divi-font--default preset--group--divi-toggle--divi-font-body--default preset--module--divi-toggle--default\"><h4 class=\"et_pb_toggle_title\">Wie k\u00f6nnen Chat und Avatar personalisiert werden?<\/h4><div class=\"et_pb_toggle_content clearfix\"><p>Unser Grafikteam erstellt aus einer Reihe von Avatar-Vorschl\u00e4gen deinen individuellen Avatar. Ob blond, braun oder schwarz: wir richten uns nach deinen W\u00fcnschen. Dein Logo und ein passendes Bild deiner Arbeitsumgebung werden ebenfalls integriert. So entsteht ein Chat, der ma\u00dfgeschneidert auf dein Unternehmen und deine Kandidaten abgestimmt ist.<\/p>\n<\/div><\/div>\n\n<div class=\"et_pb_toggle_8 et_pb_toggle et_pb_toggle_item et_pb_toggle_close et_pb_module et_block_module preset--group--divi-toggle--divi-font--default preset--group--divi-toggle--divi-font-body--default preset--module--divi-toggle--default\"><h4 class=\"et_pb_toggle_title\">Wie kommen die Antworten der Bewerber bei mir an? <\/h4><div class=\"et_pb_toggle_content clearfix\"><p>Wenn die Bewerber den Chat abgeschlossen haben, werden ihre Antworten automatisch transkribiert und als Textdokument deiner Personalabteilung zur Verf\u00fcgung gestellt. Egal, ob die Kandidaten sprechen oder tippen: du bekommst alle Infos entweder per E-Mail oder direkt in dein ATS.<\/p>\n<\/div><\/div>\n\n<div class=\"et_pb_toggle_9 et_pb_toggle et_pb_toggle_item et_pb_toggle_close et_pb_module et_block_module preset--group--divi-toggle--divi-font--default preset--group--divi-toggle--divi-font-body--default preset--module--divi-toggle--default\"><h4 class=\"et_pb_toggle_title\">Kann ich Talk\u2019n\u2019Job mit meinem ATS integrieren?<\/h4><div class=\"et_pb_toggle_content clearfix\"><p>Selbstverst\u00e4ndlich! Wir spielen sch\u00f6n mit \u00fcber 25 ATS zusammen. Alle Daten landen direkt in deinem System. Kein Copy-Paste, kein Chaos.<\/p>\n<\/div><\/div>\n\n<div class=\"et_pb_toggle_10 et_pb_toggle et_pb_toggle_item et_pb_toggle_close et_pb_module et_block_module preset--group--divi-toggle--divi-font--default preset--group--divi-toggle--divi-font-body--default preset--module--divi-toggle--default\"><h4 class=\"et_pb_toggle_title\">Ist eine automatische Vorauswahl der Kandidaten m\u00f6glich?<\/h4><div class=\"et_pb_toggle_content clearfix\"><p>Na klar! Unsere PreQ filtert automatisch die passenden Bewerber, ohne zus\u00e4tzlichen Aufwand.<\/p>\n<\/div><\/div>\n\n<div class=\"et_pb_toggle_11 et_pb_toggle et_pb_toggle_item et_pb_toggle_close et_pb_module et_block_module preset--group--divi-toggle--divi-font--default preset--group--divi-toggle--divi-font-body--default preset--module--divi-toggle--default\"><h4 class=\"et_pb_toggle_title\">Kann ich mehrere Jobs gleichzeitig laufen lassen?<\/h4><div class=\"et_pb_toggle_content clearfix\"><p>Absolut. Du kannst mehrere Chats parallel aufsetzen und alles sauber getrennt auswerten.<\/p>\n<\/div><\/div>\n<\/div>\n\n<div class=\"et_pb_group_3 et_pb_group et_pb_module et_flex_group et_pb_css_mix_blend_mode_passthrough\">\n<div class=\"et_pb_heading_5 et_pb_heading et_pb_module et_flex_module preset--module--divi-heading--ed042926-7e3a-4ff8-a732-00c23c9af924\"><div class=\"et_pb_heading_container\"><h4 class=\"et_pb_module_header\">Technisches & Support<\/h4><\/div><\/div>\n\n<div class=\"et_pb_toggle_12 et_pb_toggle et_pb_toggle_item et_pb_toggle_close et_pb_module et_block_module preset--group--divi-toggle--divi-font--default preset--group--divi-toggle--divi-font-body--default preset--module--divi-toggle--default\"><h4 class=\"et_pb_toggle_title\">Welche Ger\u00e4te werden unterst\u00fctzt?<\/h4><div class=\"et_pb_toggle_content clearfix\"><p>Talk\u2019n\u2019Job l\u00e4uft auf jedem Smartphone (und auf Tablets und Desktops funktioniert es nat\u00fcrlich auch). Der Fokus liegt aber auf der schnellen, direkten Interaktion \u00fcber das Handy.<\/p>\n<\/div><\/div>\n\n<div class=\"et_pb_toggle_13 et_pb_toggle et_pb_toggle_item et_pb_toggle_close et_pb_module et_block_module preset--group--divi-toggle--divi-font--default preset--group--divi-toggle--divi-font-body--default preset--module--divi-toggle--default\"><h4 class=\"et_pb_toggle_title\">Braucht man Software oder Installation?<\/h4><div class=\"et_pb_toggle_content clearfix\"><p>Talk\u2019n\u2019Job l\u00e4uft auf jedem Smartphone \u2013 auf Tablets und Desktops funktioniert es nat\u00fcrlich auch. Der Fokus liegt aber auf der schnellen, direkten Interaktion \u00fcber das Handy.<\/p>\n<\/div><\/div>\n\n<div class=\"et_pb_toggle_14 et_pb_toggle et_pb_toggle_item et_pb_toggle_close et_pb_module et_block_module preset--group--divi-toggle--divi-font--default preset--group--divi-toggle--divi-font-body--default preset--module--divi-toggle--default\"><h4 class=\"et_pb_toggle_title\">Wie lange dauert es, bis Talk\u2019n\u2019Job im Unternehmen genutzt werden kann?<\/h4><div class=\"et_pb_toggle_content clearfix\"><p>Sobald alle notwendigen Informationen vorliegen, kann Talk\u2019n\u2019Job in der Regel innerhalb weniger Tage bis zu einer Woche genutzt werden.<\/p>\n<\/div><\/div>\n\n<div class=\"et_pb_toggle_15 et_pb_toggle et_pb_toggle_item et_pb_toggle_close et_pb_module et_block_module preset--group--divi-toggle--divi-font--default preset--group--divi-toggle--divi-font-body--default preset--module--divi-toggle--default\"><h4 class=\"et_pb_toggle_title\">Wo werden die Daten gespeichert?<\/h4><div class=\"et_pb_toggle_content clearfix\"><p>Alle Daten werden auf Servern in Deutschland bei der Deutschen Telekom gespeichert.<\/p>\n<\/div><\/div>\n\n<div class=\"et_pb_toggle_16 et_pb_toggle et_pb_toggle_item et_pb_toggle_close et_pb_module et_block_module preset--group--divi-toggle--divi-font--default preset--group--divi-toggle--divi-font-body--default preset--module--divi-toggle--default\"><h4 class=\"et_pb_toggle_title\">Was mache ich, wenn etwas nicht funktioniert?<\/h4><div class=\"et_pb_toggle_content clearfix\"><p>Keine Sorge, unser Customer Success Team ist immer f\u00fcr dich da. Einfach eine E-Mail schreiben oder uns anrufen, und wir k\u00fcmmern uns sofort.<\/p>\n<\/div><\/div>\n<\/div>\n\n<div class=\"et_pb_group_4 et_pb_group et-last-child et_pb_module et_flex_group et_pb_css_mix_blend_mode_passthrough\">\n<div class=\"et_pb_heading_6 et_pb_heading et_pb_module et_flex_module preset--module--divi-heading--ed042926-7e3a-4ff8-a732-00c23c9af924\"><div class=\"et_pb_heading_container\"><h4 class=\"et_pb_module_header\">Sonstiges<\/h4><\/div><\/div>\n\n<div class=\"et_pb_toggle_17 et_pb_toggle et_pb_toggle_item et_pb_toggle_close et_pb_module et_block_module preset--group--divi-toggle--divi-font--default preset--group--divi-toggle--divi-font-body--default preset--module--divi-toggle--default\"><h4 class=\"et_pb_toggle_title\">Wie kann ich mit Talk'n'Job mehr Kandidaten erreichen?<\/h4><div class=\"et_pb_toggle_content clearfix\"><p>Mit Talk\u2019n\u2019Job ist sowohl eine digitale Ausspielung via Social Media, Kleinanzeigen, Karriereseiten etc. m\u00f6glich oder auch eine analoge \u00fcber QR-Codes, die individuell platziert werden, beispielweise auf Plakaten, Firmenwagen, Flyern, Bierdeckel etc. Durch die diversen Ausspielungsm\u00f6glichkeiten k\u00f6nnen mehr potenzielle Kandidaten angesprochen werden.<\/p>\n<\/div><\/div>\n<\/div>\n<\/div>\n<\/div>\n<\/div>\n\n<div class=\"et_pb_section_2 et_pb_section et_section_regular et_block_section\"><div class=\"et_pb_row_3 et_pb_row et_pb_gutters1 et_block_row\"><div class=\"et_pb_column_3 et_pb_column et_pb_column_4_4 et-last-child et_block_column et_pb_css_mix_blend_mode_passthrough\"><div class=\"et_pb_text_1 et_pb_text et_pb_bg_layout_light et_pb_module et_block_module preset--group--divi-text--divi-font-body--default preset--module--divi-text--default\"><div class=\"et_pb_text_inner\"><h2>Beende deinen Bewerbermangel<\/h2>\n<\/div><\/div><div class=\"et_pb_text_2 et_pb_text et_pb_bg_layout_light et_pb_module et_block_module preset--module--divi-text--e6dc869a-0fbc-4380-88fc-e4849318e3fb\"><div class=\"et_pb_text_inner\"><h5>Vereinbare einen Termin mit uns und wir zeigen dir in einem pers\u00f6nlichen Gespr\u00e4ch, wie du mit unserer Sprachbewerbung deinen Bewerbungsprozess optimierst<\/h5>\n<\/div><\/div><div class=\"et_pb_module et_pb_button_module_wrapper et_pb_button_0_wrapper preset--group--divi-button--divi-font--default_wrapper preset--module--divi-button--default_wrapper\"><a class=\"et_pb_button_0 et_pb_button et_pb_bg_layout_light et_pb_module et_block_module preset--group--divi-button--divi-font--default preset--module--divi-button--default\" href=\"https:\/\/talkandjob.com\/de\/kostenfreie-demo-buchen\/\" target=\"_blank\">kostenlose Demo buchen<\/a><\/div><\/div><\/div><div class=\"et_pb_row_4 et_pb_row et_block_row\"><div class=\"et_pb_column_4 et_pb_column et_pb_column_4_4 et-last-child et_block_column et_pb_css_mix_blend_mode_passthrough\"><div class=\"et_pb_image_0 et_pb_image et_pb_image_sticky et_pb_module et_block_module\"><span class=\"et_pb_image_wrap\"><img loading=\"lazy\" decoding=\"async\" src=\"https:\/\/talkandjob.com\/wp-content\/uploads\/2023\/10\/CTA-Grafik.png\" width=\"1920\" height=\"478\" srcset=\"https:\/\/talkandjob.com\/wp-content\/uploads\/2023\/10\/CTA-Grafik.png 1920w, https:\/\/talkandjob.com\/wp-content\/uploads\/2023\/10\/CTA-Grafik-1280x319.png 1280w, https:\/\/talkandjob.com\/wp-content\/uploads\/2023\/10\/CTA-Grafik-980x244.png 980w, https:\/\/talkandjob.com\/wp-content\/uploads\/2023\/10\/CTA-Grafik-480x120.png 480w\" sizes=\"(min-width: 0px) and (max-width: 480px) 480px, (min-width: 481px) and (max-width: 980px) 980px, (min-width: 981px) and (max-width: 1280px) 1280px, (min-width: 1281px) 1920px, 100vw\" class=\"wp-image-15721\" title=\"CTA-Grafik\" \/><\/span><\/div><\/div><\/div><\/div>","protected":false},"excerpt":{"rendered":"","protected":false},"author":4,"featured_media":0,"parent":0,"menu_order":5,"comment_status":"closed","ping_status":"closed","template":"","meta":{"content-type":"","footnotes":""},"class_list":["post-15802","page","type-page","status-publish","hentry"],"_links":{"self":[{"href":"https:\/\/talkandjob.com\/de\/wp-json\/wp\/v2\/pages\/15802","targetHints":{"allow":["GET"]}}],"collection":[{"href":"https:\/\/talkandjob.com\/de\/wp-json\/wp\/v2\/pages"}],"about":[{"href":"https:\/\/talkandjob.com\/de\/wp-json\/wp\/v2\/types\/page"}],"author":[{"embeddable":true,"href":"https:\/\/talkandjob.com\/de\/wp-json\/wp\/v2\/users\/4"}],"replies":[{"embeddable":true,"href":"https:\/\/talkandjob.com\/de\/wp-json\/wp\/v2\/comments?post=15802"}],"version-history":[{"count":12,"href":"https:\/\/talkandjob.com\/de\/wp-json\/wp\/v2\/pages\/15802\/revisions"}],"predecessor-version":[{"id":22211,"href":"https:\/\/talkandjob.com\/de\/wp-json\/wp\/v2\/pages\/15802\/revisions\/22211"}],"wp:attachment":[{"href":"https:\/\/talkandjob.com\/de\/wp-json\/wp\/v2\/media?parent=15802"}],"curies":[{"name":"wp","href":"https:\/\/api.w.org\/{rel}","templated":true}]}}