{"id":15341,"date":"2023-10-13T14:01:01","date_gmt":"2023-10-13T12:01:01","guid":{"rendered":"https:\/\/apply-z.com\/?page_id=15341"},"modified":"2025-12-15T13:06:06","modified_gmt":"2025-12-15T12:06:06","slug":"jobs","status":"publish","type":"page","link":"https:\/\/talkandjob.com\/de\/jobs\/","title":{"rendered":"Jobs"},"content":{"rendered":"<div class=\"et_pb_section_0 et_pb_section et_section_regular et_flex_section\">\n<div class=\"et_pb_row_0 et_pb_row et_pb_gutters1 et_block_row\">\n<div class=\"et_pb_column_0 et_pb_column et_pb_column_4_4 et-last-child et_block_column et_pb_css_mix_blend_mode_passthrough\">\n<div class=\"et_pb_text_0 et_pb_text et_pb_bg_layout_light et_pb_module et_block_module preset--group--divi-text--divi-font-body--default preset--module--divi-text--default\"><div class=\"et_pb_text_inner\"><h3>jobs bei talk'n'job<\/h3>\n<\/div><\/div>\n\n<div class=\"et_pb_heading_0 et_pb_heading et_pb_module et_block_module preset--module--divi-heading--10ec0fec-e4e4-413a-b130-0f09f098117b\"><div class=\"et_pb_heading_container\"><h4 class=\"et_pb_module_header\">Dabei sein wo vorne ist!<\/h4><\/div><\/div>\n\n<div class=\"et_pb_heading_1 et_pb_heading et_pb_module et_block_module preset--module--divi-heading--tvc7eanj9u\"><div class=\"et_pb_heading_container\"><h4 class=\"et_pb_module_header\">Wir bewegen was. Und du kannst mitziehen.<\/h4><\/div><\/div>\n<\/div>\n<\/div>\n\n<div class=\"et_pb_row_1 et_pb_row et_flex_row\">\n<div class=\"et_pb_column_1 et_pb_column et-last-child et_flex_column et_pb_css_mix_blend_mode_passthrough et_flex_column_3_5 et_flex_column_3_5_tablet et_flex_column_24_24_phone\">\n<div class=\"et_pb_module et_pb_button_module_wrapper et_pb_button_0_wrapper preset--module--divi-button--5ff19c23-15f4-45c5-a667-ea7708611fbc_wrapper\"><a class=\"et_pb_button_0 et_pb_button et_pb_bg_layout_light et_pb_module et_block_module chat-popup-button preset--module--divi-button--5ff19c23-15f4-45c5-a667-ea7708611fbc\" href=\"#offene-stellen\">Offene Stellen erfahren<\/a><\/div>\n<\/div>\n<\/div>\n<\/div>\n\n<div class=\"et_pb_section_1 et_pb_section et_section_regular et_block_section\">\n<div class=\"et_pb_row_2 et_pb_row et_pb_gutters1 et_block_row\">\n<div class=\"et_pb_column_2 et_pb_column et_pb_column_4_4 et-last-child et_flex_column et_pb_css_mix_blend_mode_passthrough\">\n<div class=\"et_pb_heading_2 et_pb_heading et_pb_module et_block_module preset--module--divi-heading--17030778-77f4-4415-9352-bcbcc396c38a\"><div class=\"et_pb_heading_container\"><h4 class=\"et_pb_module_header\">Wir stehen f\u00fcr zeitgem\u00e4\u00dfe, coole Nutzung digitaler Anwendungen und Prozesse im Bewerbungsprozess. Daf\u00fcr m\u00fcssen wir jeden Tag am Ball bleiben.<\/h4><\/div><\/div>\n\n<div class=\"et_pb_heading_3 et_pb_heading et_pb_module et_block_module preset--module--divi-heading--17030778-77f4-4415-9352-bcbcc396c38a\"><div class=\"et_pb_heading_container\"><h4 class=\"et_pb_module_header\">Unser Motto dabei ist: \u201ePut the right people on the bus\u201c! Damit k\u00f6nnen wir alles erreichen.<\/h4><\/div><\/div>\n\n<div class=\"et_pb_heading_4 et_pb_heading et_pb_module et_block_module preset--module--divi-heading--17030778-77f4-4415-9352-bcbcc396c38a\"><div class=\"et_pb_heading_container\"><h4 class=\"et_pb_module_header\">Damit k\u00f6nnen wir alles erreichen. Steig ein und hilf uns den Markt weiter zu revolutionieren.<\/h4><\/div><\/div>\n<\/div>\n<\/div>\n<\/div>\n\n<div class=\"et_pb_section_2 et_pb_section et_section_regular et_flex_section\">\n<div class=\"et_pb_row_3 et_pb_row et_flex_row\">\n<div class=\"et_pb_column_3 et_pb_column et-last-child et_flex_column et_pb_css_mix_blend_mode_passthrough et_flex_column_24_24 et_flex_column_24_24_tablet et_flex_column_24_24_phone\">\n<div class=\"et_pb_heading_5 et_pb_heading et_pb_module et_block_module preset--module--divi-heading--3f4bd1f6-b439-44db-bb56-7bd7f058bf0c\"><div class=\"et_pb_heading_container\"><h4 class=\"et_pb_module_header\">Was du bekommst, wenn du bei uns mitmischt<\/h4><\/div><\/div>\n<\/div>\n<\/div>\n\n<div class=\"et_pb_row_4 et_pb_row et_flex_row\">\n<div class=\"et_pb_column_4 et_pb_column et_block_column et_pb_css_mix_blend_mode_passthrough et_flex_column_8_24 et_flex_column_8_24_tablet et_flex_column_24_24_phone\">\n<div class=\"et_pb_group_0 et_pb_group et-last-child et_pb_module et_flex_group et_pb_css_mix_blend_mode_passthrough preset--module--divi-group--f3ysaj1zqj\">\n<div class=\"et_pb_text_1 et_pb_text et_pb_bg_layout_light et_pb_module et_block_module preset--group--divi-text--divi-font-body--default preset--module--divi-text--default\"><div class=\"et_pb_text_inner\"><p style=\"text-align: left;\">\ud83e\uddf3<\/p>\n<\/div><\/div>\n\n<div class=\"et_pb_heading_6 et_pb_heading et_pb_module et_block_module preset--module--divi-heading--ed042926-7e3a-4ff8-a732-00c23c9af924\"><div class=\"et_pb_heading_container\"><h4 class=\"et_pb_module_header\">Bis zu 30 Tage Urlaub<\/h4><\/div><\/div>\n\n<div class=\"et_pb_text_2 et_pb_text et_pb_bg_layout_light et_pb_module et_block_module preset--module--divi-text--0z3x39y0bs\"><div class=\"et_pb_text_inner\"><p>Erhol dich richtig: Bei uns gibt\u2019s Zeit f\u00fcr Strand, Berge, Netflix-Marathons oder einfach mal nichts tun. Du entscheidest.<\/p>\n<\/div><\/div>\n<\/div>\n<\/div>\n\n<div class=\"et_pb_column_5 et_pb_column et_block_column et_pb_css_mix_blend_mode_passthrough et_flex_column_8_24 et_flex_column_8_24_tablet et_flex_column_24_24_phone\">\n<div class=\"et_pb_group_1 et_pb_group et-last-child et_pb_module et_flex_group et_pb_css_mix_blend_mode_passthrough preset--module--divi-group--f3ysaj1zqj\">\n<div class=\"et_pb_text_3 et_pb_text et_pb_bg_layout_light et_pb_module et_block_module preset--group--divi-text--divi-font-body--default preset--module--divi-text--default\"><div class=\"et_pb_text_inner\"><p style=\"text-align: left;\">\ud83d\udc65<\/p>\n<\/div><\/div>\n\n<div class=\"et_pb_heading_7 et_pb_heading et_pb_module et_block_module preset--module--divi-heading--ed042926-7e3a-4ff8-a732-00c23c9af924\"><div class=\"et_pb_heading_container\"><h4 class=\"et_pb_module_header\">Flache Hierarchien<\/h4><\/div><\/div>\n\n<div class=\"et_pb_text_4 et_pb_text et_pb_bg_layout_light et_pb_module et_block_module preset--module--divi-text--0z3x39y0bs\"><div class=\"et_pb_text_inner\"><p class=\"p1\">Wir sprechen miteinander, nicht \u201enach oben\u201c: Kurze Wege, schnelle Entscheidungen und jede Stimme z\u00e4hlt.<\/p>\n<\/div><\/div>\n<\/div>\n<\/div>\n\n<div class=\"et_pb_column_6 et_pb_column et_block_column et_pb_css_mix_blend_mode_passthrough et_flex_column_8_24 et_flex_column_8_24_tablet et_flex_column_24_24_phone\">\n<div class=\"et_pb_group_2 et_pb_group et-last-child et_pb_module et_flex_group et_pb_css_mix_blend_mode_passthrough preset--module--divi-group--f3ysaj1zqj\">\n<div class=\"et_pb_text_5 et_pb_text et_pb_bg_layout_light et_pb_module et_block_module preset--group--divi-text--divi-font-body--default preset--module--divi-text--default\"><div class=\"et_pb_text_inner\"><p style=\"text-align: left;\">\ud83d\udd1d<\/p>\n<\/div><\/div>\n\n<div class=\"et_pb_heading_8 et_pb_heading et_pb_module et_block_module preset--module--divi-heading--ed042926-7e3a-4ff8-a732-00c23c9af924\"><div class=\"et_pb_heading_container\"><h4 class=\"et_pb_module_header\">Individuelle Benefits<\/h4><\/div><\/div>\n\n<div class=\"et_pb_text_6 et_pb_text et_pb_bg_layout_light et_pb_module et_block_module preset--module--divi-text--0z3x39y0bs\"><div class=\"et_pb_text_inner\"><p class=\"p1\">Ob Weiterbildungen, Mobilit\u00e4tszuschuss oder etwas ganz anderes: Wir finden das, was <i>dir<\/i> wirklich hilft.<\/p>\n<\/div><\/div>\n<\/div>\n<\/div>\n\n<div class=\"et_pb_column_7 et_pb_column et_block_column et_pb_css_mix_blend_mode_passthrough et_flex_column_8_24 et_flex_column_8_24_tablet et_flex_column_24_24_phone\">\n<div class=\"et_pb_group_3 et_pb_group et-last-child et_pb_module et_flex_group et_pb_css_mix_blend_mode_passthrough preset--module--divi-group--f3ysaj1zqj\">\n<div class=\"et_pb_text_7 et_pb_text et_pb_bg_layout_light et_pb_module et_block_module preset--group--divi-text--divi-font-body--default preset--module--divi-text--default\"><div class=\"et_pb_text_inner\"><p style=\"text-align: left;\">\ud83c\udf89<\/p>\n<\/div><\/div>\n\n<div class=\"et_pb_heading_9 et_pb_heading et_pb_module et_block_module preset--module--divi-heading--ed042926-7e3a-4ff8-a732-00c23c9af924\"><div class=\"et_pb_heading_container\"><h4 class=\"et_pb_module_header\">Teamevents<\/h4><\/div><\/div>\n\n<div class=\"et_pb_text_8 et_pb_text et_pb_bg_layout_light et_pb_module et_block_module preset--module--divi-text--0z3x39y0bs\"><div class=\"et_pb_text_inner\"><p class=\"p1\">Vom Feierabendbier bis zum Offsite \u2013 wir m\u00f6gen\u2019s gemeinsam. Plus: Mittags gibt\u2019s manchmal Yoga\/Stretching, damit der R\u00fccken l\u00e4nger durchh\u00e4lt als die To-Do-Liste.<\/p>\n<\/div><\/div>\n<\/div>\n<\/div>\n\n<div class=\"et_pb_column_8 et_pb_column et_block_column et_pb_css_mix_blend_mode_passthrough et_flex_column_8_24 et_flex_column_8_24_tablet et_flex_column_24_24_phone\">\n<div class=\"et_pb_group_4 et_pb_group et-last-child et_pb_module et_flex_group et_pb_css_mix_blend_mode_passthrough preset--module--divi-group--f3ysaj1zqj\"><\/div>\n<\/div>\n\n<div class=\"et_pb_column_9 et_pb_column et-last-child et_block_column et_pb_css_mix_blend_mode_passthrough et_flex_column_8_24 et_flex_column_8_24_tablet et_flex_column_24_24_phone\">\n<div class=\"et_pb_group_5 et_pb_group et-last-child et_pb_module et_flex_group et_pb_css_mix_blend_mode_passthrough preset--module--divi-group--f3ysaj1zqj\">\n<div class=\"et_pb_heading_10 et_pb_heading et_pb_module et_block_module preset--module--divi-heading--17030778-77f4-4415-9352-bcbcc396c38a\"><div class=\"et_pb_heading_container\"><h4 class=\"et_pb_module_header\">...und vieles mehr!<\/h4><\/div><\/div>\n<\/div>\n<\/div>\n<\/div>\n\n<div class=\"et_pb_row_5 et_pb_row et-vb-row--no-module et_flex_row\">\n<div class=\"et_pb_column_10 et_pb_column et-last-child et_flex_column et_pb_column_empty et_pb_css_mix_blend_mode_passthrough et_flex_column_24_24 et_flex_column_24_24_tablet et_flex_column_24_24_phone\"><\/div>\n<\/div>\n<\/div>\n\n<div class=\"et_pb_section_3 et_pb_section et_section_regular et_block_section\" id=\"offene-stellen\">\n<div class=\"et_pb_row_6 et_pb_row et_pb_gutters1 et_block_row\">\n<div class=\"et_pb_column_11 et_pb_column et_pb_column_4_4 et-last-child et_flex_column et_pb_css_mix_blend_mode_passthrough\">\n<div class=\"et_pb_heading_11 et_pb_heading et_pb_module et_block_module preset--module--divi-heading--3f4bd1f6-b439-44db-bb56-7bd7f058bf0c\"><div class=\"et_pb_heading_container\"><h4 class=\"et_pb_module_header\">Offene Stellen<\/h4><\/div><\/div>\n\n<div class=\"et_pb_heading_12 et_pb_heading et_pb_module et_block_module preset--module--divi-heading--tvc7eanj9u\"><div class=\"et_pb_heading_container\"><h4 class=\"et_pb_module_header\">Bewirb dich in wenigen Minuten \u2013 ohne Lebenslauf, ohne Anschreiben, einfach per Sprachbewerbung.<\/h4><\/div><\/div>\n<\/div>\n<\/div>\n\n<div class=\"et_pb_row_7 et_pb_row et_flex_row\">\n<div class=\"et_pb_column_12 et_pb_column et_flex_column et_pb_css_mix_blend_mode_passthrough et_flex_column_24_24 et_flex_column_24_24_tablet et_flex_column_24_24_phone\">\n<div class=\"et_pb_group_6 et_pb_group et-last-child et_pb_module et_flex_group et_pb_css_mix_blend_mode_passthrough\">\n<div class=\"et_pb_group_7 et_pb_group et_pb_module et_flex_group et_pb_css_mix_blend_mode_passthrough\">\n<div class=\"et_pb_heading_13 et_pb_heading et_pb_module et_block_module preset--group--divi-heading--divi-font--default preset--module--divi-heading--default\"><div class=\"et_pb_heading_container\"><h3 class=\"et_pb_module_header\">Lead Gen Manager<\/h3><\/div><\/div>\n\n<div class=\"et_pb_text_9 et_pb_text et_pb_bg_layout_light et_pb_module et_block_module preset--group--divi-text--divi-font-body--default preset--module--divi-text--default\"><div class=\"et_pb_text_inner\"><p>Heidelberg \u2022 Vollzeit \u2022 On-Site<\/p>\n<\/div><\/div>\n<\/div>\n\n<div class=\"et_pb_module et_pb_button_module_wrapper et_pb_button_1_wrapper preset--module--divi-button--5ff19c23-15f4-45c5-a667-ea7708611fbc_wrapper\"><a class=\"et_pb_button_1 et_pb_button et_pb_bg_layout_light et_pb_module et_block_module chat-popup-button preset--module--divi-button--5ff19c23-15f4-45c5-a667-ea7708611fbc\" href=\"https:\/\/app.talk-n-job.de\/chat\/1260157\/\" target=\"_blank\">Jetzt in 2 Minuten bewerben<\/a><\/div>\n<\/div>\n<\/div>\n\n<div class=\"et_pb_column_13 et_pb_column et-last-child et_block_column et_pb_css_mix_blend_mode_passthrough et_flex_column_24_24 et_flex_column_24_24_tablet et_flex_column_24_24_phone\">\n<div class=\"et_pb_toggle_0 et_pb_toggle et_pb_toggle_item et_pb_toggle_close et_pb_module et_block_module preset--module--divi-toggle--saip0qqy39\"><h4 class=\"et_pb_toggle_title\">Mehr erfahren<\/h4><div class=\"et_pb_toggle_content clearfix\"><p>\u27a1\ufe0f Du arbeitest gerne eigenverantwortlich und m\u00f6chtest unser Start-Up mit deinem Tatendrang aktiv mitgestalten?<\/p>\n<p>\ud83d\udea8 Werde Teil unserer Talk'n'Job Crew als Pre-Sales Manager. Deine Aufgaben: Du begeisterst Entscheider von Talk'n'Job und vereinbarst Demo-Termine f\u00fcr unsere Sales Manager.<\/p>\n<p>Wenn Du ein kommunikativer Mensch bist und kein Problem mit dem Telefonieren hast, dann sollten wir uns kennenlernen.<\/p>\n<p><span style=\"text-decoration: underline;\"><strong><a href=\"https:\/\/talkandjob.com\/wp-content\/uploads\/2025\/07\/TNJ_Job_Lead-Gen-Manager.pdf\" target=\"_blank\" rel=\"noopener\">Weitere Details lesen<\/a><\/strong><\/span><\/p>\n<\/div><\/div>\n<\/div>\n<\/div>\n\n<div class=\"et_pb_row_8 et_pb_row et_flex_row\">\n<div class=\"et_pb_column_14 et_pb_column et_flex_column et_pb_css_mix_blend_mode_passthrough et_flex_column_24_24 et_flex_column_24_24_tablet et_flex_column_24_24_phone\">\n<div class=\"et_pb_group_8 et_pb_group et-last-child et_pb_module et_flex_group et_pb_css_mix_blend_mode_passthrough\">\n<div class=\"et_pb_group_9 et_pb_group et_pb_module et_flex_group et_pb_css_mix_blend_mode_passthrough\">\n<div class=\"et_pb_heading_14 et_pb_heading et_pb_module et_block_module preset--group--divi-heading--divi-font--default preset--module--divi-heading--default\"><div class=\"et_pb_heading_container\"><h3 class=\"et_pb_module_header\">Sales<\/h3><\/div><\/div>\n\n<div class=\"et_pb_text_10 et_pb_text et_pb_bg_layout_light et_pb_module et_block_module preset--group--divi-text--divi-font-body--default preset--module--divi-text--default\"><div class=\"et_pb_text_inner\"><p>Heidelberg \u2022 Vollzeit\/Teilzeit\/Werkstudenten \u2022 On-Site<\/p>\n<\/div><\/div>\n<\/div>\n\n<div class=\"et_pb_module et_pb_button_module_wrapper et_pb_button_2_wrapper preset--module--divi-button--5ff19c23-15f4-45c5-a667-ea7708611fbc_wrapper\"><a class=\"et_pb_button_2 et_pb_button et_pb_bg_layout_light et_pb_module et_block_module chat-popup-button preset--module--divi-button--5ff19c23-15f4-45c5-a667-ea7708611fbc\" href=\"https:\/\/app.talk-n-job.de\/chat\/2000989\/\" target=\"_blank\">Jetzt in 2 Minuten bewerben<\/a><\/div>\n<\/div>\n<\/div>\n\n\n<\/div>\n<\/div>\n\n<div class=\"et_pb_section_4 et_pb_section et_section_regular et_block_section\">\n<div class=\"et_pb_row_9 et_pb_row et_pb_gutters1 et_block_row\">\n<div class=\"et_pb_column_16 et_pb_column et_pb_column_4_4 et-last-child et_block_column et_pb_css_mix_blend_mode_passthrough\">\n<div class=\"et_pb_heading_15 et_pb_heading et_pb_module et_block_module preset--module--divi-heading--10ec0fec-e4e4-413a-b130-0f09f098117b preset--module--divi-heading--3f4bd1f6-b439-44db-bb56-7bd7f058bf0c\"><div class=\"et_pb_heading_container\"><h4 class=\"et_pb_module_header\">Erfahre mehr \u00fcber uns, unsere Erfolge und unsere Mission<\/h4><\/div><\/div>\n\n<div class=\"et_pb_module et_pb_button_module_wrapper et_pb_button_3_wrapper preset--module--divi-button--5ff19c23-15f4-45c5-a667-ea7708611fbc_wrapper\"><a class=\"et_pb_button_3 et_pb_button et_pb_bg_layout_light et_pb_module et_block_module chat-popup-button preset--module--divi-button--5ff19c23-15f4-45c5-a667-ea7708611fbc\" href=\"https:\/\/talkandjob.com\/de\/ueber-uns\/\">Talk&#039;n&#039;Job entdecken<\/a><\/div>\n<\/div>\n<\/div>\n<\/div>","protected":false},"excerpt":{"rendered":"","protected":false},"author":4,"featured_media":0,"parent":0,"menu_order":0,"comment_status":"closed","ping_status":"closed","template":"","meta":{"content-type":"","footnotes":""},"class_list":["post-15341","page","type-page","status-publish","hentry"],"_links":{"self":[{"href":"https:\/\/talkandjob.com\/de\/wp-json\/wp\/v2\/pages\/15341","targetHints":{"allow":["GET"]}}],"collection":[{"href":"https:\/\/talkandjob.com\/de\/wp-json\/wp\/v2\/pages"}],"about":[{"href":"https:\/\/talkandjob.com\/de\/wp-json\/wp\/v2\/types\/page"}],"author":[{"embeddable":true,"href":"https:\/\/talkandjob.com\/de\/wp-json\/wp\/v2\/users\/4"}],"replies":[{"embeddable":true,"href":"https:\/\/talkandjob.com\/de\/wp-json\/wp\/v2\/comments?post=15341"}],"version-history":[{"count":16,"href":"https:\/\/talkandjob.com\/de\/wp-json\/wp\/v2\/pages\/15341\/revisions"}],"predecessor-version":[{"id":22466,"href":"https:\/\/talkandjob.com\/de\/wp-json\/wp\/v2\/pages\/15341\/revisions\/22466"}],"wp:attachment":[{"href":"https:\/\/talkandjob.com\/de\/wp-json\/wp\/v2\/media?parent=15341"}],"curies":[{"name":"wp","href":"https:\/\/api.w.org\/{rel}","templated":true}]}}